{"id":380,"date":"2019-01-31T10:02:12","date_gmt":"2019-01-31T09:02:12","guid":{"rendered":"http:\/\/zwinger-vom-saechsischen-elbland.de\/wordpress\/?page_id=380"},"modified":"2020-11-23T10:03:03","modified_gmt":"2020-11-23T09:03:03","slug":"c-wurf","status":"publish","type":"page","link":"https:\/\/zwinger-vom-saechsischen-elbland.de\/wordpress\/welpen\/c-wurf\/","title":{"rendered":"C-Wurf"},"content":{"rendered":"\n<p style=\"font-size:16px\">Meine Zucht ist eine Hobbyzucht; das hei\u00dft, ich bin nicht auf den Erl\u00f6s  aus dem Verkauf der Welpen angewiesen. Sie dient nicht als  Lebensunterhalt. Die Auswahl der R\u00fcden f\u00fcr den A- und B-Wurf war ein \u2026 <a href=\"https:\/\/zwinger-vom-saechsischen-elbland.de\/wordpress\/welpen\/\">weiterlesen<\/a><\/p>\n\n\n\n<figure class=\"wp-block-image alignfull is-style-default\"><img loading=\"lazy\" width=\"1024\" height=\"18\" src=\"http:\/\/zwinger-vom-saechsischen-elbland.de\/wordpress\/wp-content\/uploads\/2019\/01\/Linie-1-1024x18.png\" alt=\"\" class=\"wp-image-593\" srcset=\"https:\/\/zwinger-vom-saechsischen-elbland.de\/wordpress\/wp-content\/uploads\/2019\/01\/Linie-1-1024x18.png 1024w, https:\/\/zwinger-vom-saechsischen-elbland.de\/wordpress\/wp-content\/uploads\/2019\/01\/Linie-1-300x5.png 300w, https:\/\/zwinger-vom-saechsischen-elbland.de\/wordpress\/wp-content\/uploads\/2019\/01\/Linie-1-768x14.png 768w, https:\/\/zwinger-vom-saechsischen-elbland.de\/wordpress\/wp-content\/uploads\/2019\/01\/Linie-1.png 1903w\" sizes=\"(max-width: 1024px) 100vw, 1024px\" \/><figcaption>Am 13. April 2019 sind 4 R\u00fcden und 2 H\u00fcndinnen aus meiner Zucht mit Ayla geboren worden.<br><br><img src=\"http:\/\/zwinger-vom-saechsischen-elbland.de\/wordpress\/wp-content\/uploads\/2019\/04\/C-Wurf-1024x1024.jpg\" alt=\"Dieses Bild hat ein leeres Alt-Attribut. Der Dateiname ist C-Wurf-1024x1024.jpg\" style=\"width: 500px;\"><\/figcaption><\/figure>\n\n\n\n<figure class=\"wp-block-image alignfull size-large is-style-default\"><img loading=\"lazy\" width=\"1024\" height=\"18\" src=\"http:\/\/zwinger-vom-saechsischen-elbland.de\/wordpress\/wp-content\/uploads\/2019\/01\/Linie-1-1024x18.png\" alt=\"\" class=\"wp-image-593\" srcset=\"https:\/\/zwinger-vom-saechsischen-elbland.de\/wordpress\/wp-content\/uploads\/2019\/01\/Linie-1-1024x18.png 1024w, https:\/\/zwinger-vom-saechsischen-elbland.de\/wordpress\/wp-content\/uploads\/2019\/01\/Linie-1-300x5.png 300w, https:\/\/zwinger-vom-saechsischen-elbland.de\/wordpress\/wp-content\/uploads\/2019\/01\/Linie-1-768x14.png 768w, https:\/\/zwinger-vom-saechsischen-elbland.de\/wordpress\/wp-content\/uploads\/2019\/01\/Linie-1.png 1903w\" sizes=\"(max-width: 1024px) 100vw, 1024px\" \/><\/figure>\n\n\n\n<h4><strong><span style=\"color:#043e0c\" class=\"has-inline-color\">Kleine Zusammenfassung vom C-Wurf<\/span><\/strong><\/h4>\n\n\n\n<div class=\"wp-block-nextend-smartslider3\"><\/div>\n\n\n\n<figure class=\"wp-block-image alignfull size-large is-style-default\"><img loading=\"lazy\" width=\"1024\" height=\"18\" src=\"http:\/\/zwinger-vom-saechsischen-elbland.de\/wordpress\/wp-content\/uploads\/2019\/01\/Linie-1-1024x18.png\" alt=\"\" class=\"wp-image-593\" srcset=\"https:\/\/zwinger-vom-saechsischen-elbland.de\/wordpress\/wp-content\/uploads\/2019\/01\/Linie-1-1024x18.png 1024w, https:\/\/zwinger-vom-saechsischen-elbland.de\/wordpress\/wp-content\/uploads\/2019\/01\/Linie-1-300x5.png 300w, https:\/\/zwinger-vom-saechsischen-elbland.de\/wordpress\/wp-content\/uploads\/2019\/01\/Linie-1-768x14.png 768w, https:\/\/zwinger-vom-saechsischen-elbland.de\/wordpress\/wp-content\/uploads\/2019\/01\/Linie-1.png 1903w\" sizes=\"(max-width: 1024px) 100vw, 1024px\" \/><figcaption><\/figcaption><\/figure>\n\n\n\n<figure class=\"wp-block-image alignfull size-large is-style-default\"><img loading=\"lazy\" width=\"1024\" height=\"18\" src=\"http:\/\/zwinger-vom-saechsischen-elbland.de\/wordpress\/wp-content\/uploads\/2019\/01\/Linie-1-1024x18.png\" alt=\"\" class=\"wp-image-593\" srcset=\"https:\/\/zwinger-vom-saechsischen-elbland.de\/wordpress\/wp-content\/uploads\/2019\/01\/Linie-1-1024x18.png 1024w, https:\/\/zwinger-vom-saechsischen-elbland.de\/wordpress\/wp-content\/uploads\/2019\/01\/Linie-1-300x5.png 300w, https:\/\/zwinger-vom-saechsischen-elbland.de\/wordpress\/wp-content\/uploads\/2019\/01\/Linie-1-768x14.png 768w, https:\/\/zwinger-vom-saechsischen-elbland.de\/wordpress\/wp-content\/uploads\/2019\/01\/Linie-1.png 1903w\" sizes=\"(max-width: 1024px) 100vw, 1024px\" \/><\/figure>\n\n\n\n<figure class=\"wp-block-embed-youtube wp-block-embed is-type-video is-provider-youtube wp-embed-aspect-16-9 wp-has-aspect-ratio\"><div class=\"wp-block-embed__wrapper\">\n<iframe title=\"Ein Ausflug ins Gr\u00fcne\" width=\"1000\" height=\"563\" src=\"https:\/\/www.youtube.com\/embed\/WtMEdvEA1-Q?feature=oembed\" frameborder=\"0\" allow=\"accelerometer; autoplay; clipboard-write; encrypted-media; gyroscope; picture-in-picture\" allowfullscreen><\/iframe>\n<\/div><figcaption>Tag 39 &#8211; Ein kleiner Ausflug<\/figcaption><\/figure>\n\n\n\n<figure class=\"wp-block-image alignfull\"><img loading=\"lazy\" width=\"1024\" height=\"18\" src=\"http:\/\/zwinger-vom-saechsischen-elbland.de\/wordpress\/wp-content\/uploads\/2019\/01\/Linie-1-1024x18.png\" alt=\"\" class=\"wp-image-593\" srcset=\"https:\/\/zwinger-vom-saechsischen-elbland.de\/wordpress\/wp-content\/uploads\/2019\/01\/Linie-1-1024x18.png 1024w, https:\/\/zwinger-vom-saechsischen-elbland.de\/wordpress\/wp-content\/uploads\/2019\/01\/Linie-1-300x5.png 300w, https:\/\/zwinger-vom-saechsischen-elbland.de\/wordpress\/wp-content\/uploads\/2019\/01\/Linie-1-768x14.png 768w, https:\/\/zwinger-vom-saechsischen-elbland.de\/wordpress\/wp-content\/uploads\/2019\/01\/Linie-1.png 1903w\" sizes=\"(max-width: 1024px) 100vw, 1024px\" \/><\/figure>\n\n\n\n<figure class=\"wp-block-video\"><video controls src=\"http:\/\/zwinger-vom-saechsischen-elbland.de\/wordpress\/wp-content\/uploads\/2019\/04\/Tag-14-C-Wurf.mp4\"><\/video><figcaption>Tag 14<\/figcaption><\/figure>\n\n\n\n<figure class=\"wp-block-image alignfull\"><img loading=\"lazy\" width=\"1024\" height=\"18\" src=\"http:\/\/zwinger-vom-saechsischen-elbland.de\/wordpress\/wp-content\/uploads\/2019\/01\/Linie-1-1024x18.png\" alt=\"\" class=\"wp-image-593\" srcset=\"https:\/\/zwinger-vom-saechsischen-elbland.de\/wordpress\/wp-content\/uploads\/2019\/01\/Linie-1-1024x18.png 1024w, https:\/\/zwinger-vom-saechsischen-elbland.de\/wordpress\/wp-content\/uploads\/2019\/01\/Linie-1-300x5.png 300w, https:\/\/zwinger-vom-saechsischen-elbland.de\/wordpress\/wp-content\/uploads\/2019\/01\/Linie-1-768x14.png 768w, https:\/\/zwinger-vom-saechsischen-elbland.de\/wordpress\/wp-content\/uploads\/2019\/01\/Linie-1.png 1903w\" sizes=\"(max-width: 1024px) 100vw, 1024px\" \/><\/figure>\n\n\n\n<figure class=\"wp-block-image\"><img loading=\"lazy\" width=\"576\" height=\"1024\" src=\"http:\/\/zwinger-vom-saechsischen-elbland.de\/wordpress\/wp-content\/uploads\/2019\/04\/Tag-5-I-Tierarzt-576x1024.jpg\" alt=\"\" class=\"wp-image-2249\" srcset=\"https:\/\/zwinger-vom-saechsischen-elbland.de\/wordpress\/wp-content\/uploads\/2019\/04\/Tag-5-I-Tierarzt-576x1024.jpg 576w, https:\/\/zwinger-vom-saechsischen-elbland.de\/wordpress\/wp-content\/uploads\/2019\/04\/Tag-5-I-Tierarzt-169x300.jpg 169w, https:\/\/zwinger-vom-saechsischen-elbland.de\/wordpress\/wp-content\/uploads\/2019\/04\/Tag-5-I-Tierarzt.jpg 720w\" sizes=\"(max-width: 576px) 100vw, 576px\" \/><figcaption><strong>K\u00f6nnt Ihr Euch vorstellen, was wir heute \u201cerleiden\u201d mussten??&nbsp;<br>Ach komm\u2019, es waren doch nur 10 Minuten Autofahrt und ihr wart auch so lieb\u2026 <br><br>Alle Winzlinge und die Mama sind gesund.<br><\/strong><br><\/figcaption><\/figure>\n\n\n\n<figure class=\"wp-block-image alignfull\"><img loading=\"lazy\" width=\"1024\" height=\"18\" src=\"http:\/\/zwinger-vom-saechsischen-elbland.de\/wordpress\/wp-content\/uploads\/2019\/01\/Linie-1-1024x18.png\" alt=\"\" class=\"wp-image-593\" srcset=\"https:\/\/zwinger-vom-saechsischen-elbland.de\/wordpress\/wp-content\/uploads\/2019\/01\/Linie-1-1024x18.png 1024w, https:\/\/zwinger-vom-saechsischen-elbland.de\/wordpress\/wp-content\/uploads\/2019\/01\/Linie-1-300x5.png 300w, https:\/\/zwinger-vom-saechsischen-elbland.de\/wordpress\/wp-content\/uploads\/2019\/01\/Linie-1-768x14.png 768w, https:\/\/zwinger-vom-saechsischen-elbland.de\/wordpress\/wp-content\/uploads\/2019\/01\/Linie-1.png 1903w\" sizes=\"(max-width: 1024px) 100vw, 1024px\" \/><\/figure>\n\n\n\n<div class=\"wp-block-image\"><figure class=\"aligncenter\"><img loading=\"lazy\" width=\"940\" height=\"788\" src=\"https:\/\/zwinger-vom-saechsischen-elbland.de\/wordpress\/wp-content\/uploads\/2019\/04\/Geburt-C-Wurf-1.jpg\" alt=\"\" class=\"wp-image-2195\" srcset=\"https:\/\/zwinger-vom-saechsischen-elbland.de\/wordpress\/wp-content\/uploads\/2019\/04\/Geburt-C-Wurf-1.jpg 940w, https:\/\/zwinger-vom-saechsischen-elbland.de\/wordpress\/wp-content\/uploads\/2019\/04\/Geburt-C-Wurf-1-300x251.jpg 300w, https:\/\/zwinger-vom-saechsischen-elbland.de\/wordpress\/wp-content\/uploads\/2019\/04\/Geburt-C-Wurf-1-768x644.jpg 768w\" sizes=\"(max-width: 940px) 100vw, 940px\" \/><\/figure><\/div>\n\n\n\n<h5 class=\"has-text-align-center\"><a href=\"https:\/\/zwinger-vom-saechsischen-elbland.de\/wordpress\/welpenzimmer-ist-fertig\/\">Welpenzimmer <\/a><\/h5>\n\n\n\n<div class=\"wp-block-image\"><figure class=\"aligncenter\"><a href=\"http:\/\/zwinger-vom-saechsischen-elbland.de\/wordpress\/welpenzimmer-ist-fertig\/\"><img loading=\"lazy\" width=\"720\" height=\"720\" src=\"http:\/\/zwinger-vom-saechsischen-elbland.de\/wordpress\/wp-content\/uploads\/2019\/04\/Welpenzimmer-C-Wurf.jpg\" alt=\"\" class=\"wp-image-2030\" srcset=\"https:\/\/zwinger-vom-saechsischen-elbland.de\/wordpress\/wp-content\/uploads\/2019\/04\/Welpenzimmer-C-Wurf.jpg 720w, https:\/\/zwinger-vom-saechsischen-elbland.de\/wordpress\/wp-content\/uploads\/2019\/04\/Welpenzimmer-C-Wurf-150x150.jpg 150w, https:\/\/zwinger-vom-saechsischen-elbland.de\/wordpress\/wp-content\/uploads\/2019\/04\/Welpenzimmer-C-Wurf-300x300.jpg 300w, https:\/\/zwinger-vom-saechsischen-elbland.de\/wordpress\/wp-content\/uploads\/2019\/04\/Welpenzimmer-C-Wurf-640x640.jpg 640w, https:\/\/zwinger-vom-saechsischen-elbland.de\/wordpress\/wp-content\/uploads\/2019\/04\/Welpenzimmer-C-Wurf-533x533.jpg 533w, https:\/\/zwinger-vom-saechsischen-elbland.de\/wordpress\/wp-content\/uploads\/2019\/04\/Welpenzimmer-C-Wurf-50x50.jpg 50w\" sizes=\"(max-width: 720px) 100vw, 720px\" \/><\/a><\/figure><\/div>\n\n\n\n<h5 class=\"has-text-align-center\"><a href=\"https:\/\/zwinger-vom-saechsischen-elbland.de\/wordpress\/reise-zum-rueden\/\">Reise zum R\u00fcden <\/a> <\/h5>\n\n\n\n<div class=\"wp-block-image\"><figure class=\"aligncenter\"><img loading=\"lazy\" width=\"1024\" height=\"534\" src=\"http:\/\/zwinger-vom-saechsischen-elbland.de\/wordpress\/wp-content\/uploads\/2019\/03\/WhatsApp-Image-2019-03-04-at-15.06.51-1024x534.jpeg\" alt=\"\" class=\"wp-image-1352\" srcset=\"https:\/\/zwinger-vom-saechsischen-elbland.de\/wordpress\/wp-content\/uploads\/2019\/03\/WhatsApp-Image-2019-03-04-at-15.06.51-1024x534.jpeg 1024w, https:\/\/zwinger-vom-saechsischen-elbland.de\/wordpress\/wp-content\/uploads\/2019\/03\/WhatsApp-Image-2019-03-04-at-15.06.51-300x156.jpeg 300w, https:\/\/zwinger-vom-saechsischen-elbland.de\/wordpress\/wp-content\/uploads\/2019\/03\/WhatsApp-Image-2019-03-04-at-15.06.51-768x400.jpeg 768w, https:\/\/zwinger-vom-saechsischen-elbland.de\/wordpress\/wp-content\/uploads\/2019\/03\/WhatsApp-Image-2019-03-04-at-15.06.51.jpeg 1600w\" sizes=\"(max-width: 1024px) 100vw, 1024px\" \/><\/figure><\/div>\n\n\n\n<p style=\"font-size:16px\">Mitte Februar 2019 f\u00fchrte uns der Weg  ins ca. 500 km entfernte Grefrath (NRW), zu Heike und ihren Aik vom  Aachtobel. Aik ist ein sportlicher, charakterstarke R\u00fcde, der sehr sanft  meine Ayla beim ersten Zusammentreffen \u2026<a href=\"https:\/\/zwinger-vom-saechsischen-elbland.de\/wordpress\/reise-zum-rueden\/\">weiterlesen<\/a><\/p>\n\n\n\n<figure class=\"wp-block-image alignfull\"><img loading=\"lazy\" width=\"1024\" height=\"18\" src=\"http:\/\/zwinger-vom-saechsischen-elbland.de\/wordpress\/wp-content\/uploads\/2019\/01\/Linie-1-1024x18.png\" alt=\"\" class=\"wp-image-593\" srcset=\"https:\/\/zwinger-vom-saechsischen-elbland.de\/wordpress\/wp-content\/uploads\/2019\/01\/Linie-1-1024x18.png 1024w, https:\/\/zwinger-vom-saechsischen-elbland.de\/wordpress\/wp-content\/uploads\/2019\/01\/Linie-1-300x5.png 300w, https:\/\/zwinger-vom-saechsischen-elbland.de\/wordpress\/wp-content\/uploads\/2019\/01\/Linie-1-768x14.png 768w, https:\/\/zwinger-vom-saechsischen-elbland.de\/wordpress\/wp-content\/uploads\/2019\/01\/Linie-1.png 1903w\" sizes=\"(max-width: 1024px) 100vw, 1024px\" \/><\/figure>\n\n\n\n<p class=\"has-text-align-center has-normal-font-size\"><strong>Bei Interesse an einem Welpen freuen wir uns \u00fcber eine Nachricht von Ihnen.<br>Sie erreichen uns telefonisch unter  035205\/189 803 oder 0172\/ 35 71 65 3<br>oder Sie senden uns eine E-Mail an:&nbsp;<\/strong><a href=\"mailto:kontakt@zwinger-vom-saechsischen-elbland.de\"><strong>kontakt@zwinger-vom-saechsischen-elbland.de<\/strong><\/a> <\/p>\n\n\n\n<h6 class=\"has-text-align-center\">Und ein Besuch ist nach Absprache immer m\u00f6glich.<\/h6>\n\n\n\n<figure class=\"wp-block-image alignfull\"><img loading=\"lazy\" width=\"1024\" height=\"18\" src=\"http:\/\/zwinger-vom-saechsischen-elbland.de\/wordpress\/wp-content\/uploads\/2019\/01\/Linie-1-1024x18.png\" alt=\"\" class=\"wp-image-593\" srcset=\"https:\/\/zwinger-vom-saechsischen-elbland.de\/wordpress\/wp-content\/uploads\/2019\/01\/Linie-1-1024x18.png 1024w, https:\/\/zwinger-vom-saechsischen-elbland.de\/wordpress\/wp-content\/uploads\/2019\/01\/Linie-1-300x5.png 300w, https:\/\/zwinger-vom-saechsischen-elbland.de\/wordpress\/wp-content\/uploads\/2019\/01\/Linie-1-768x14.png 768w, https:\/\/zwinger-vom-saechsischen-elbland.de\/wordpress\/wp-content\/uploads\/2019\/01\/Linie-1.png 1903w\" sizes=\"(max-width: 1024px) 100vw, 1024px\" \/><\/figure>\n","protected":false},"excerpt":{"rendered":"<p>Meine Zucht ist eine Hobbyzucht; das hei\u00dft, ich bin nicht auf den Erl\u00f6s aus dem Verkauf der Welpen angewiesen. Sie dient nicht als Lebensunterhalt. Die Auswahl der R\u00fcden f\u00fcr den A- und B-Wurf war ein \u2026 weiterlesen Kleine Zusammenfassung vom &hellip; <a href=\"https:\/\/zwinger-vom-saechsischen-elbland.de\/wordpress\/welpen\/c-wurf\/\" class=\"more-link\"><span>Weiterlesen<span class=\"screen-reader-text\">C-Wurf<\/span><\/span><\/a><\/p>\n","protected":false},"author":1,"featured_media":0,"parent":377,"menu_order":0,"comment_status":"closed","ping_status":"closed","template":"","meta":[],"_links":{"self":[{"href":"https:\/\/zwinger-vom-saechsischen-elbland.de\/wordpress\/wp-json\/wp\/v2\/pages\/380"}],"collection":[{"href":"https:\/\/zwinger-vom-saechsischen-elbland.de\/wordpress\/wp-json\/wp\/v2\/pages"}],"about":[{"href":"https:\/\/zwinger-vom-saechsischen-elbland.de\/wordpress\/wp-json\/wp\/v2\/types\/page"}],"author":[{"embeddable":true,"href":"https:\/\/zwinger-vom-saechsischen-elbland.de\/wordpress\/wp-json\/wp\/v2\/users\/1"}],"replies":[{"embeddable":true,"href":"https:\/\/zwinger-vom-saechsischen-elbland.de\/wordpress\/wp-json\/wp\/v2\/comments?post=380"}],"version-history":[{"count":64,"href":"https:\/\/zwinger-vom-saechsischen-elbland.de\/wordpress\/wp-json\/wp\/v2\/pages\/380\/revisions"}],"predecessor-version":[{"id":2415,"href":"https:\/\/zwinger-vom-saechsischen-elbland.de\/wordpress\/wp-json\/wp\/v2\/pages\/380\/revisions\/2415"}],"up":[{"embeddable":true,"href":"https:\/\/zwinger-vom-saechsischen-elbland.de\/wordpress\/wp-json\/wp\/v2\/pages\/377"}],"wp:attachment":[{"href":"https:\/\/zwinger-vom-saechsischen-elbland.de\/wordpress\/wp-json\/wp\/v2\/media?parent=380"}],"curies":[{"name":"wp","href":"https:\/\/api.w.org\/{rel}","templated":true}]}}