{"id":27,"date":"2014-09-01T20:20:04","date_gmt":"2014-09-01T18:20:04","guid":{"rendered":"http:\/\/zwinger-vom-saechsischen-elbland.de\/wordpress\/?page_id=27"},"modified":"2020-12-14T13:40:56","modified_gmt":"2020-12-14T12:40:56","slug":"ayla","status":"publish","type":"page","link":"https:\/\/zwinger-vom-saechsischen-elbland.de\/wordpress\/das-sind-wir\/ayla\/","title":{"rendered":"Ayla"},"content":{"rendered":"\n<p class=\"has-text-align-center has-text-color has-normal-font-size\" style=\"color:#006400\">Ayla &#8211; Bianca vom S\u00e4chsischen Elbland wurde am 01. September 2014 geboren. <br> Die Ahnentafel von Ayla k\u00f6nnen Sie <a rel=\"noreferrer noopener\" href=\"http:\/\/www.pedigreedatabase.com\/white_shepherd\/dog.html?id=2639865-aylabiancavom-sachsischen-elbland\" target=\"_blank\"><strong>hier<\/strong> <\/a>einsehen.          <\/p>\n\n\n\n<div class=\"wp-block-cover alignfull has-background-dim has-parallax\" style=\"background-image:url(http:\/\/zwinger-vom-saechsischen-elbland.de\/wordpress\/wp-content\/uploads\/2019\/01\/published_image_6.jpg)\"><div class=\"wp-block-cover__inner-container\">\n<p class=\"has-text-align-center has-large-font-size\"><\/p>\n<\/div><\/div>\n\n\n\n<p>Aus dem A-Wurf von Bianca habe ich <a rel=\"noreferrer noopener\" aria-label=\"Ayla (\u00f6ffnet in neuem Tab)\" href=\"http:\/\/www.pedigreedatabase.com\/white_shepherd\/dog.html?id=2639865-aylabiancavom-sachsischen-elbland\" target=\"_blank\">Ayla<\/a>, behalten. Von Anfang an war ich beseelt von dem Wunsch, ein eigenes wei\u00dfes Wesen aus der eigenen Zucht zu haben. Ayla aufwachsen zu sehen, ganz genau zu beobachten, wie die ersten Lebenstage, -wochen verlaufen und sich dann zu entscheiden: DIE, GENAU DIE, soll es sein. Eigentlich war es auch eine gemeinsame Entscheidung der Familie\u2026                                        <\/p>\n\n\n\n<div class=\"wp-block-cover alignwide has-white-background-color has-background-dim has-custom-content-position is-position-center-left\" style=\"background-image:url(https:\/\/zwinger-vom-saechsischen-elbland.de\/wordpress\/wp-content\/uploads\/2019\/03\/Ayla-am-Strand-1024x768.jpeg);min-height:268px\"><div class=\"wp-block-cover__inner-container\">\n<p class=\"has-text-align-left has-large-font-size\"> <br><strong>Und es war die Richtige! <\/strong> <\/p>\n<\/div><\/div>\n\n\n\n<div class=\"wp-block-image is-style-default\"><figure class=\"alignright is-resized\"><img loading=\"lazy\" src=\"https:\/\/zwinger-vom-saechsischen-elbland.de\/wordpress\/wp-content\/uploads\/2020\/09\/Ayla-Geburtstag.png\" alt=\"\" class=\"wp-image-2388\" width=\"302\" height=\"253\" srcset=\"https:\/\/zwinger-vom-saechsischen-elbland.de\/wordpress\/wp-content\/uploads\/2020\/09\/Ayla-Geburtstag.png 940w, https:\/\/zwinger-vom-saechsischen-elbland.de\/wordpress\/wp-content\/uploads\/2020\/09\/Ayla-Geburtstag-300x251.png 300w, https:\/\/zwinger-vom-saechsischen-elbland.de\/wordpress\/wp-content\/uploads\/2020\/09\/Ayla-Geburtstag-768x644.png 768w\" sizes=\"(max-width: 302px) 100vw, 302px\" \/><figcaption>1.9.2020<\/figcaption><\/figure><\/div>\n\n\n\n<p>Ayla, die \u201eErste ihrer Art\u201c (irisch), am Anfang etwas scheue, zur\u00fcckhaltende, ist ein wahres \u201eMamatier\u201c. Sie folgt mir \u00fcberall hin. Sie liegt mit mir abends auf dem Sofa, schl\u00e4ft nur, wenn ich zur Ruhe komme. Ich habe uns extra eine Bettkastenkonstruktion entworfen, damit sie \u00e4hnlich wie in einer H\u00f6hle, unter mir schlafen kann. Meine beiden Wei\u00dfen sind zu allen Gasthunden und Gastkatern einfach nur lieb und nachsichtig, wenn die sich auf den Futternapf st\u00fcrzen. <\/p>\n\n\n\n<p>Wir waren, sind und werden keine Ausstellungshelden. Wir sind jedoch Alltagsbegleiter f\u00fcr Menschen, die unsere Hilfe ben\u00f6tigen. Und dabei zeigt sich Ayla von ihrer liebensw\u00fcrdigen, sanften und stets l\u00e4chelnden Art. Sie ist einfach nur ein Schatz \u2013 mein Schatz.<\/p>\n\n\n\n<div class=\"wp-block-cover aligncenter has-background-dim-10 has-white-background-color has-background-dim\" style=\"background-image:url(https:\/\/zwinger-vom-saechsischen-elbland.de\/wordpress\/wp-content\/uploads\/2019\/03\/Ayla-mit-rotem-Schuh.jpg)\"><div class=\"wp-block-cover__inner-container\">\n<p class=\"has-text-align-center has-large-font-size\"><\/p>\n<\/div><\/div>\n\n\n\n<h5 class=\"has-text-align-center\"><strong>       Aus den Zuchttauglichkeitspr\u00fcfberichten<\/strong><\/h5>\n\n\n\n<table id=\"tablepress-2\" class=\"tablepress tablepress-id-2\">\n<tbody>\n<tr class=\"row-1 odd\">\n\t<td class=\"column-1\"><strong>vom 15.10.2016 in J\u00fcrgenstorf<\/strong><\/td><td class=\"column-2\"> <\/td>\n<\/tr>\n<tr class=\"row-2 even\">\n\t<td class=\"column-1\"><strong>Formwertrichter:<\/strong> <\/td><td class=\"column-2\">M.M\u00fcller<\/td>\n<\/tr>\n<tr class=\"row-3 odd\">\n\t<td class=\"column-1\"><strong>Wesenspr\u00fcfer:<\/strong><\/td><td class=\"column-2\">H.McNelly<\/td>\n<\/tr>\n<tr class=\"row-4 even\">\n\t<td class=\"column-1\"><strong>Formwert:<\/strong><\/td><td class=\"column-2\">Vorz\u00fcglich<\/td>\n<\/tr>\n<tr class=\"row-5 odd\">\n\t<td class=\"column-1\"><strong>Wesen:<\/strong><\/strong><\/td><td class=\"column-2\">gut, 89 Punkte<\/td>\n<\/tr>\n<\/tbody>\n<\/table>\n<!-- #tablepress-2 from cache -->\n\n\n\n<div style=\"height:55px\" aria-hidden=\"true\" class=\"wp-block-spacer\"><\/div>\n\n\n\n<table id=\"tablepress-3\" class=\"tablepress tablepress-id-3\">\n<tbody class=\"row-hover\">\n<tr class=\"row-1 odd\">\n\t<td class=\"column-1\"><strong>vom 20.10.2018 in J\u00fcrgenstorf<\/strong><\/td><td class=\"column-2\"><\/td>\n<\/tr>\n<tr class=\"row-2 even\">\n\t<td class=\"column-1\"><strong>Formwertrichter: <\/strong><\/td><td class=\"column-2\">G. Roth<\/td>\n<\/tr>\n<tr class=\"row-3 odd\">\n\t<td class=\"column-1\"><strong>Wesenspr\u00fcfer:<\/strong><\/td><td class=\"column-2\">B. Forke<\/td>\n<\/tr>\n<tr class=\"row-4 even\">\n\t<td class=\"column-1\"><strong>Formwert:<\/strong><\/td><td class=\"column-2\">\u00fcbernommen<\/td>\n<\/tr>\n<tr class=\"row-5 odd\">\n\t<td class=\"column-1\"><strong>Wesen:<\/strong><\/td><td class=\"column-2\">Vorz\u00fcglich, 97 Punkte<\/td>\n<\/tr>\n<\/tbody>\n<\/table>\n<!-- #tablepress-3 from cache -->\n\n\n\n<div style=\"height:15px\" aria-hidden=\"true\" class=\"wp-block-spacer\"><\/div>\n\n\n\n<div class=\"wp-block-media-text alignwide is-stacked-on-mobile is-vertically-aligned-center\" style=\"grid-template-columns:32% auto\"><figure class=\"wp-block-media-text__media\"><img loading=\"lazy\" width=\"1024\" height=\"768\" src=\"http:\/\/zwinger-vom-saechsischen-elbland.de\/wordpress\/wp-content\/uploads\/2019\/03\/20171119_112521-2-1024x768.jpg\" alt=\"\" class=\"wp-image-1239\" srcset=\"https:\/\/zwinger-vom-saechsischen-elbland.de\/wordpress\/wp-content\/uploads\/2019\/03\/20171119_112521-2-1024x768.jpg 1024w, https:\/\/zwinger-vom-saechsischen-elbland.de\/wordpress\/wp-content\/uploads\/2019\/03\/20171119_112521-2-300x225.jpg 300w, https:\/\/zwinger-vom-saechsischen-elbland.de\/wordpress\/wp-content\/uploads\/2019\/03\/20171119_112521-2-768x576.jpg 768w\" sizes=\"(max-width: 1024px) 100vw, 1024px\" \/><\/figure><div class=\"wp-block-media-text__content\">\n<h5 class=\"has-text-align-left\"><strong>Formwertbericht<\/strong><\/h5>\n\n\n\n<p style=\"font-size:16px\">Kr\u00e4ftige, substanzvolle, in allen Proportionen passende H\u00fcndin. Dunkles Pigment in allen Teilen. Kr\u00e4ftiger Hals, gerader, fester R\u00fccken, passende Winkelungen, ausgepr\u00e4gt Vorbrust und Brusttiefe. In der Bewegung, beim Gehen eng, beim Kommen paddelnd, leicht zur\u00fcckhaltendes, aber sicheres Verhalten.<\/p>\n<\/div><\/div>\n\n\n\n<div class=\"wp-block-media-text alignwide has-media-on-the-right is-stacked-on-mobile\" style=\"grid-template-columns:auto 34%\"><figure class=\"wp-block-media-text__media\"><img loading=\"lazy\" width=\"1024\" height=\"768\" src=\"http:\/\/zwinger-vom-saechsischen-elbland.de\/wordpress\/wp-content\/uploads\/2019\/03\/14125109_1423053907711059_5611492028648681481_o-1024x768.jpeg\" alt=\"\" class=\"wp-image-1241\" srcset=\"https:\/\/zwinger-vom-saechsischen-elbland.de\/wordpress\/wp-content\/uploads\/2019\/03\/14125109_1423053907711059_5611492028648681481_o-1024x768.jpeg 1024w, https:\/\/zwinger-vom-saechsischen-elbland.de\/wordpress\/wp-content\/uploads\/2019\/03\/14125109_1423053907711059_5611492028648681481_o-300x225.jpeg 300w, https:\/\/zwinger-vom-saechsischen-elbland.de\/wordpress\/wp-content\/uploads\/2019\/03\/14125109_1423053907711059_5611492028648681481_o-768x576.jpeg 768w, https:\/\/zwinger-vom-saechsischen-elbland.de\/wordpress\/wp-content\/uploads\/2019\/03\/14125109_1423053907711059_5611492028648681481_o.jpeg 2048w\" sizes=\"(max-width: 1024px) 100vw, 1024px\" \/><\/figure><div class=\"wp-block-media-text__content\">\n<h5><strong>Richterbericht\/ Wesen <\/strong><\/h5>\n\n\n\n<p>Eine noch nicht in allen Situationen ganz sichere und gefestigte H\u00fcndin. Sie zeigt sich aber aktiv und freundlich. Gegen\u00fcber Menschen ist sie zun\u00e4chst etwas vorsichtig. Sie setzt sich mit den Situationen auseinander und verarbeitet die Eindr\u00fccke angemessen.<\/p>\n<\/div><\/div>\n\n\n\n<figure class=\"wp-block-image alignfull\"><img loading=\"lazy\" width=\"1024\" height=\"18\" src=\"http:\/\/zwinger-vom-saechsischen-elbland.de\/wordpress\/wp-content\/uploads\/2019\/01\/Linie-1-1024x18.png\" alt=\"\" class=\"wp-image-593\" srcset=\"https:\/\/zwinger-vom-saechsischen-elbland.de\/wordpress\/wp-content\/uploads\/2019\/01\/Linie-1-1024x18.png 1024w, https:\/\/zwinger-vom-saechsischen-elbland.de\/wordpress\/wp-content\/uploads\/2019\/01\/Linie-1-300x5.png 300w, https:\/\/zwinger-vom-saechsischen-elbland.de\/wordpress\/wp-content\/uploads\/2019\/01\/Linie-1-768x14.png 768w, https:\/\/zwinger-vom-saechsischen-elbland.de\/wordpress\/wp-content\/uploads\/2019\/01\/Linie-1.png 1903w\" sizes=\"(max-width: 1024px) 100vw, 1024px\" \/><\/figure>\n\n\n\n<figure class=\"wp-block-gallery aligncenter columns-3 is-cropped\"><ul class=\"blocks-gallery-grid\"><li class=\"blocks-gallery-item\"><figure><a href=\"http:\/\/zwinger-vom-saechsischen-elbland.de\/wordpress\/wp-content\/uploads\/2019\/03\/Ayla-sitzt-684x1024.jpg\"><img loading=\"lazy\" width=\"684\" height=\"1024\" src=\"http:\/\/zwinger-vom-saechsischen-elbland.de\/wordpress\/wp-content\/uploads\/2019\/03\/Ayla-sitzt-684x1024.jpg\" alt=\"\" data-id=\"1790\" data-link=\"http:\/\/zwinger-vom-saechsischen-elbland.de\/wordpress\/das-sind-wir\/ayla\/ayla-sitzt\/\" class=\"wp-image-1790\" srcset=\"https:\/\/zwinger-vom-saechsischen-elbland.de\/wordpress\/wp-content\/uploads\/2019\/03\/Ayla-sitzt-684x1024.jpg 684w, https:\/\/zwinger-vom-saechsischen-elbland.de\/wordpress\/wp-content\/uploads\/2019\/03\/Ayla-sitzt-200x300.jpg 200w, https:\/\/zwinger-vom-saechsischen-elbland.de\/wordpress\/wp-content\/uploads\/2019\/03\/Ayla-sitzt-768x1151.jpg 768w, https:\/\/zwinger-vom-saechsischen-elbland.de\/wordpress\/wp-content\/uploads\/2019\/03\/Ayla-sitzt.jpg 1367w\" sizes=\"(max-width: 684px) 100vw, 684px\" \/><\/a><\/figure><\/li><li class=\"blocks-gallery-item\"><figure><a href=\"http:\/\/zwinger-vom-saechsischen-elbland.de\/wordpress\/wp-content\/uploads\/2019\/03\/Ayla-liegt-1024x684.jpg\"><img loading=\"lazy\" width=\"1024\" height=\"684\" src=\"http:\/\/zwinger-vom-saechsischen-elbland.de\/wordpress\/wp-content\/uploads\/2019\/03\/Ayla-liegt-1024x684.jpg\" alt=\"\" data-id=\"1792\" data-link=\"http:\/\/zwinger-vom-saechsischen-elbland.de\/wordpress\/das-sind-wir\/ayla\/ayla-liegt\/\" class=\"wp-image-1792\" srcset=\"https:\/\/zwinger-vom-saechsischen-elbland.de\/wordpress\/wp-content\/uploads\/2019\/03\/Ayla-liegt-1024x684.jpg 1024w, https:\/\/zwinger-vom-saechsischen-elbland.de\/wordpress\/wp-content\/uploads\/2019\/03\/Ayla-liegt-300x200.jpg 300w, https:\/\/zwinger-vom-saechsischen-elbland.de\/wordpress\/wp-content\/uploads\/2019\/03\/Ayla-liegt-768x513.jpg 768w, https:\/\/zwinger-vom-saechsischen-elbland.de\/wordpress\/wp-content\/uploads\/2019\/03\/Ayla-liegt-272x182.jpg 272w, https:\/\/zwinger-vom-saechsischen-elbland.de\/wordpress\/wp-content\/uploads\/2019\/03\/Ayla-liegt.jpg 2048w\" sizes=\"(max-width: 1024px) 100vw, 1024px\" \/><\/a><\/figure><\/li><li class=\"blocks-gallery-item\"><figure><a href=\"http:\/\/zwinger-vom-saechsischen-elbland.de\/wordpress\/wp-content\/uploads\/2019\/03\/Zweier-Blasen-684x1024.jpg\"><img loading=\"lazy\" width=\"684\" height=\"1024\" src=\"http:\/\/zwinger-vom-saechsischen-elbland.de\/wordpress\/wp-content\/uploads\/2019\/03\/Zweier-Blasen-684x1024.jpg\" alt=\"\" data-id=\"1791\" data-link=\"http:\/\/zwinger-vom-saechsischen-elbland.de\/wordpress\/das-sind-wir\/ayla\/zweier-blasen\/\" class=\"wp-image-1791\" srcset=\"https:\/\/zwinger-vom-saechsischen-elbland.de\/wordpress\/wp-content\/uploads\/2019\/03\/Zweier-Blasen-684x1024.jpg 684w, https:\/\/zwinger-vom-saechsischen-elbland.de\/wordpress\/wp-content\/uploads\/2019\/03\/Zweier-Blasen-200x300.jpg 200w, https:\/\/zwinger-vom-saechsischen-elbland.de\/wordpress\/wp-content\/uploads\/2019\/03\/Zweier-Blasen-768x1151.jpg 768w, https:\/\/zwinger-vom-saechsischen-elbland.de\/wordpress\/wp-content\/uploads\/2019\/03\/Zweier-Blasen.jpg 1367w\" sizes=\"(max-width: 684px) 100vw, 684px\" \/><\/a><\/figure><\/li><\/ul><\/figure>\n\n\n\n<figure class=\"wp-block-image alignfull\"><img loading=\"lazy\" width=\"1024\" height=\"18\" src=\"http:\/\/zwinger-vom-saechsischen-elbland.de\/wordpress\/wp-content\/uploads\/2019\/01\/Linie-1-1024x18.png\" alt=\"\" class=\"wp-image-593\" srcset=\"https:\/\/zwinger-vom-saechsischen-elbland.de\/wordpress\/wp-content\/uploads\/2019\/01\/Linie-1-1024x18.png 1024w, https:\/\/zwinger-vom-saechsischen-elbland.de\/wordpress\/wp-content\/uploads\/2019\/01\/Linie-1-300x5.png 300w, https:\/\/zwinger-vom-saechsischen-elbland.de\/wordpress\/wp-content\/uploads\/2019\/01\/Linie-1-768x14.png 768w, https:\/\/zwinger-vom-saechsischen-elbland.de\/wordpress\/wp-content\/uploads\/2019\/01\/Linie-1.png 1903w\" sizes=\"(max-width: 1024px) 100vw, 1024px\" \/><\/figure>\n\n\n\n<h5 class=\"has-text-align-center\"><strong>Ayla`s Gesundheit<\/strong><\/h5>\n\n\n<a href=\"https:\/\/zwinger-vom-saechsischen-elbland.de\/wordpress\/wp-content\/uploads\/2019\/03\/MDR-1-Ayla.pdf\" class=\"pdfemb-viewer\" style=\"\" data-width=\"max\" data-height=\"max\"  data-toolbar=\"bottom\" data-toolbar-fixed=\"on\">MDR-1-Ayla<br\/><\/a>\n<p class=\"wp-block-pdfemb-pdf-embedder-viewer\"><\/p>\n\n\n<a href=\"https:\/\/zwinger-vom-saechsischen-elbland.de\/wordpress\/wp-content\/uploads\/2019\/03\/Ayla-Auswertung-HD-ED-.pdf\" class=\"pdfemb-viewer\" style=\"\" data-width=\"max\" data-height=\"max\"  data-toolbar=\"bottom\" data-toolbar-fixed=\"on\">Ayla-Auswertung-HD-ED-<br\/><\/a>\n<p class=\"wp-block-pdfemb-pdf-embedder-viewer\"><\/p>\n\n\n<a href=\"https:\/\/zwinger-vom-saechsischen-elbland.de\/wordpress\/wp-content\/uploads\/2019\/03\/Ayla-Laboklin-DM-1.pdf\" class=\"pdfemb-viewer\" style=\"\" data-width=\"max\" data-height=\"max\"  data-toolbar=\"bottom\" data-toolbar-fixed=\"on\">Ayla-Laboklin-DM-1<br\/><\/a>\n<p class=\"wp-block-pdfemb-pdf-embedder-viewer\"><\/p>\n\n\n<a href=\"https:\/\/zwinger-vom-saechsischen-elbland.de\/wordpress\/wp-content\/uploads\/2019\/03\/Zuchtzulassungsbericht_Ayla-1.pdf\" class=\"pdfemb-viewer\" style=\"\" data-width=\"max\" data-height=\"max\"  data-toolbar=\"bottom\" data-toolbar-fixed=\"on\">Zuchtzulassungsbericht_Ayla-1<br\/><\/a>\n<p class=\"wp-block-pdfemb-pdf-embedder-viewer\"><\/p>\n\n\n<a href=\"https:\/\/zwinger-vom-saechsischen-elbland.de\/wordpress\/wp-content\/uploads\/2019\/03\/Bericht-2.ZZP_.pdf\" class=\"pdfemb-viewer\" style=\"\" data-width=\"max\" data-height=\"max\"  data-toolbar=\"bottom\" data-toolbar-fixed=\"on\">Bericht-2.ZZP_<br\/><\/a>\n<p class=\"wp-block-pdfemb-pdf-embedder-viewer\"><\/p>\n","protected":false},"excerpt":{"rendered":"<p>Ayla &#8211; Bianca vom S\u00e4chsischen Elbland wurde am 01. September 2014 geboren. Die Ahnentafel von Ayla k\u00f6nnen Sie hier einsehen. Aus dem A-Wurf von Bianca habe ich Ayla, behalten. Von Anfang an war ich beseelt von dem Wunsch, ein eigenes &hellip; <a href=\"https:\/\/zwinger-vom-saechsischen-elbland.de\/wordpress\/das-sind-wir\/ayla\/\" class=\"more-link\"><span>Weiterlesen<span class=\"screen-reader-text\">Ayla<\/span><\/span><\/a><\/p>\n","protected":false},"author":1,"featured_media":0,"parent":491,"menu_order":2,"comment_status":"closed","ping_status":"closed","template":"","meta":[],"_links":{"self":[{"href":"https:\/\/zwinger-vom-saechsischen-elbland.de\/wordpress\/wp-json\/wp\/v2\/pages\/27"}],"collection":[{"href":"https:\/\/zwinger-vom-saechsischen-elbland.de\/wordpress\/wp-json\/wp\/v2\/pages"}],"about":[{"href":"https:\/\/zwinger-vom-saechsischen-elbland.de\/wordpress\/wp-json\/wp\/v2\/types\/page"}],"author":[{"embeddable":true,"href":"https:\/\/zwinger-vom-saechsischen-elbland.de\/wordpress\/wp-json\/wp\/v2\/users\/1"}],"replies":[{"embeddable":true,"href":"https:\/\/zwinger-vom-saechsischen-elbland.de\/wordpress\/wp-json\/wp\/v2\/comments?post=27"}],"version-history":[{"count":88,"href":"https:\/\/zwinger-vom-saechsischen-elbland.de\/wordpress\/wp-json\/wp\/v2\/pages\/27\/revisions"}],"predecessor-version":[{"id":2530,"href":"https:\/\/zwinger-vom-saechsischen-elbland.de\/wordpress\/wp-json\/wp\/v2\/pages\/27\/revisions\/2530"}],"up":[{"embeddable":true,"href":"https:\/\/zwinger-vom-saechsischen-elbland.de\/wordpress\/wp-json\/wp\/v2\/pages\/491"}],"wp:attachment":[{"href":"https:\/\/zwinger-vom-saechsischen-elbland.de\/wordpress\/wp-json\/wp\/v2\/media?parent=27"}],"curies":[{"name":"wp","href":"https:\/\/api.w.org\/{rel}","templated":true}]}}