{"id":2533,"date":"2020-12-14T14:00:53","date_gmt":"2020-12-14T13:00:53","guid":{"rendered":"http:\/\/zwinger-vom-saechsischen-elbland.de\/wordpress\/?page_id=2533"},"modified":"2021-03-29T20:44:55","modified_gmt":"2021-03-29T18:44:55","slug":"d-wurf","status":"publish","type":"page","link":"https:\/\/zwinger-vom-saechsischen-elbland.de\/wordpress\/d-wurf\/","title":{"rendered":"D-Wurf"},"content":{"rendered":"\n<p>Meine Zucht ist eine Hobbyzucht; das hei\u00dft, ich bin nicht auf den Erl\u00f6s aus dem Verkauf der Welpen angewiesen. Sie dient nicht als Lebensunterhalt. Die Auswahl der R\u00fcden f\u00fcr den A-, B-Wurf und C-Wurf war ein \u2026 <a href=\"https:\/\/zwinger-vom-saechsischen-elbland.de\/wordpress\/welpen\/\">weiterlesen<\/a><\/p>\n\n\n\n<figure class=\"wp-block-video aligncenter\"><video controls src=\"https:\/\/zwinger-vom-saechsischen-elbland.de\/wordpress\/wp-content\/uploads\/2020\/12\/Geburt-kleine-Maeuse.mp4\"><\/video><\/figure>\n\n\n\n<figure class=\"wp-block-image alignfull is-style-default\"><img loading=\"lazy\" width=\"1024\" height=\"18\" src=\"http:\/\/zwinger-vom-saechsischen-elbland.de\/wordpress\/wp-content\/uploads\/2019\/01\/Linie-1-1024x18.png\" alt=\"\" class=\"wp-image-593\" srcset=\"https:\/\/zwinger-vom-saechsischen-elbland.de\/wordpress\/wp-content\/uploads\/2019\/01\/Linie-1-1024x18.png 1024w, https:\/\/zwinger-vom-saechsischen-elbland.de\/wordpress\/wp-content\/uploads\/2019\/01\/Linie-1-300x5.png 300w, https:\/\/zwinger-vom-saechsischen-elbland.de\/wordpress\/wp-content\/uploads\/2019\/01\/Linie-1-768x14.png 768w, https:\/\/zwinger-vom-saechsischen-elbland.de\/wordpress\/wp-content\/uploads\/2019\/01\/Linie-1.png 1903w\" sizes=\"(max-width: 1024px) 100vw, 1024px\" \/><\/figure>\n\n\n\n<figure class=\"wp-block-gallery aligncenter columns-3 is-cropped\"><ul class=\"blocks-gallery-grid\"><li class=\"blocks-gallery-item\"><figure><img loading=\"lazy\" width=\"940\" height=\"788\" src=\"http:\/\/zwinger-vom-saechsischen-elbland.de\/wordpress\/wp-content\/uploads\/2020\/12\/Kopie-von-Wer-bist-du-denn-.png\" alt=\"\" data-id=\"2526\" data-link=\"http:\/\/zwinger-vom-saechsischen-elbland.de\/wordpress\/home\/kopie-von-wer-bist-du-denn\/\" class=\"wp-image-2526\" srcset=\"https:\/\/zwinger-vom-saechsischen-elbland.de\/wordpress\/wp-content\/uploads\/2020\/12\/Kopie-von-Wer-bist-du-denn-.png 940w, https:\/\/zwinger-vom-saechsischen-elbland.de\/wordpress\/wp-content\/uploads\/2020\/12\/Kopie-von-Wer-bist-du-denn--300x251.png 300w, https:\/\/zwinger-vom-saechsischen-elbland.de\/wordpress\/wp-content\/uploads\/2020\/12\/Kopie-von-Wer-bist-du-denn--768x644.png 768w\" sizes=\"(max-width: 940px) 100vw, 940px\" \/><\/figure><\/li><li class=\"blocks-gallery-item\"><figure><img loading=\"lazy\" width=\"1024\" height=\"768\" src=\"https:\/\/zwinger-vom-saechsischen-elbland.de\/wordpress\/wp-content\/uploads\/2021\/01\/WhatsApp-Image-2021-01-09-at-11.53.391-1024x768.jpeg\" alt=\"\" data-id=\"2560\" data-link=\"https:\/\/zwinger-vom-saechsischen-elbland.de\/wordpress\/d-wurf\/whatsapp-image-2021-01-09-at-11-53-391\/\" class=\"wp-image-2560\" srcset=\"https:\/\/zwinger-vom-saechsischen-elbland.de\/wordpress\/wp-content\/uploads\/2021\/01\/WhatsApp-Image-2021-01-09-at-11.53.391-1024x768.jpeg 1024w, https:\/\/zwinger-vom-saechsischen-elbland.de\/wordpress\/wp-content\/uploads\/2021\/01\/WhatsApp-Image-2021-01-09-at-11.53.391-300x225.jpeg 300w, https:\/\/zwinger-vom-saechsischen-elbland.de\/wordpress\/wp-content\/uploads\/2021\/01\/WhatsApp-Image-2021-01-09-at-11.53.391-768x576.jpeg 768w, https:\/\/zwinger-vom-saechsischen-elbland.de\/wordpress\/wp-content\/uploads\/2021\/01\/WhatsApp-Image-2021-01-09-at-11.53.391-1536x1152.jpeg 1536w, https:\/\/zwinger-vom-saechsischen-elbland.de\/wordpress\/wp-content\/uploads\/2021\/01\/WhatsApp-Image-2021-01-09-at-11.53.391.jpeg 1600w\" sizes=\"(max-width: 1024px) 100vw, 1024px\" \/><\/figure><\/li><li class=\"blocks-gallery-item\"><figure><img loading=\"lazy\" width=\"768\" height=\"1024\" src=\"https:\/\/zwinger-vom-saechsischen-elbland.de\/wordpress\/wp-content\/uploads\/2021\/01\/WhatsApp-Image-2021-01-09-at-11.53.39-768x1024.jpeg\" alt=\"\" data-id=\"2561\" data-link=\"https:\/\/zwinger-vom-saechsischen-elbland.de\/wordpress\/d-wurf\/whatsapp-image-2021-01-09-at-11-53-39\/\" class=\"wp-image-2561\" srcset=\"https:\/\/zwinger-vom-saechsischen-elbland.de\/wordpress\/wp-content\/uploads\/2021\/01\/WhatsApp-Image-2021-01-09-at-11.53.39-768x1024.jpeg 768w, https:\/\/zwinger-vom-saechsischen-elbland.de\/wordpress\/wp-content\/uploads\/2021\/01\/WhatsApp-Image-2021-01-09-at-11.53.39-225x300.jpeg 225w, https:\/\/zwinger-vom-saechsischen-elbland.de\/wordpress\/wp-content\/uploads\/2021\/01\/WhatsApp-Image-2021-01-09-at-11.53.39-1152x1536.jpeg 1152w, https:\/\/zwinger-vom-saechsischen-elbland.de\/wordpress\/wp-content\/uploads\/2021\/01\/WhatsApp-Image-2021-01-09-at-11.53.39.jpeg 1200w\" sizes=\"(max-width: 768px) 100vw, 768px\" \/><\/figure><\/li><li class=\"blocks-gallery-item\"><figure><img loading=\"lazy\" width=\"1024\" height=\"497\" src=\"https:\/\/zwinger-vom-saechsischen-elbland.de\/wordpress\/wp-content\/uploads\/2021\/01\/WhatsApp-Image-2020-11-27-at-18.31.121-1024x497.jpeg\" alt=\"\" data-id=\"2562\" data-link=\"https:\/\/zwinger-vom-saechsischen-elbland.de\/wordpress\/d-wurf\/whatsapp-image-2020-11-27-at-18-31-121\/\" class=\"wp-image-2562\" srcset=\"https:\/\/zwinger-vom-saechsischen-elbland.de\/wordpress\/wp-content\/uploads\/2021\/01\/WhatsApp-Image-2020-11-27-at-18.31.121-1024x497.jpeg 1024w, https:\/\/zwinger-vom-saechsischen-elbland.de\/wordpress\/wp-content\/uploads\/2021\/01\/WhatsApp-Image-2020-11-27-at-18.31.121-300x146.jpeg 300w, https:\/\/zwinger-vom-saechsischen-elbland.de\/wordpress\/wp-content\/uploads\/2021\/01\/WhatsApp-Image-2020-11-27-at-18.31.121-768x373.jpeg 768w, https:\/\/zwinger-vom-saechsischen-elbland.de\/wordpress\/wp-content\/uploads\/2021\/01\/WhatsApp-Image-2020-11-27-at-18.31.121-1536x746.jpeg 1536w, https:\/\/zwinger-vom-saechsischen-elbland.de\/wordpress\/wp-content\/uploads\/2021\/01\/WhatsApp-Image-2020-11-27-at-18.31.121.jpeg 1600w\" sizes=\"(max-width: 1024px) 100vw, 1024px\" \/><\/figure><\/li><li class=\"blocks-gallery-item\"><figure><img loading=\"lazy\" width=\"1024\" height=\"768\" src=\"https:\/\/zwinger-vom-saechsischen-elbland.de\/wordpress\/wp-content\/uploads\/2021\/01\/WhatsApp-Image-2020-12-22-at-22.35.131-1024x768.jpeg\" alt=\"\" data-id=\"2563\" data-link=\"https:\/\/zwinger-vom-saechsischen-elbland.de\/wordpress\/d-wurf\/whatsapp-image-2020-12-22-at-22-35-131\/\" class=\"wp-image-2563\" srcset=\"https:\/\/zwinger-vom-saechsischen-elbland.de\/wordpress\/wp-content\/uploads\/2021\/01\/WhatsApp-Image-2020-12-22-at-22.35.131-1024x768.jpeg 1024w, https:\/\/zwinger-vom-saechsischen-elbland.de\/wordpress\/wp-content\/uploads\/2021\/01\/WhatsApp-Image-2020-12-22-at-22.35.131-300x225.jpeg 300w, https:\/\/zwinger-vom-saechsischen-elbland.de\/wordpress\/wp-content\/uploads\/2021\/01\/WhatsApp-Image-2020-12-22-at-22.35.131-768x576.jpeg 768w, https:\/\/zwinger-vom-saechsischen-elbland.de\/wordpress\/wp-content\/uploads\/2021\/01\/WhatsApp-Image-2020-12-22-at-22.35.131.jpeg 1504w\" sizes=\"(max-width: 1024px) 100vw, 1024px\" \/><\/figure><\/li><li class=\"blocks-gallery-item\"><figure><img loading=\"lazy\" width=\"1024\" height=\"497\" src=\"https:\/\/zwinger-vom-saechsischen-elbland.de\/wordpress\/wp-content\/uploads\/2021\/01\/WhatsApp-Image-2020-11-30-at-22.45.56-1024x497.jpeg\" alt=\"\" data-id=\"2564\" data-full-url=\"https:\/\/zwinger-vom-saechsischen-elbland.de\/wordpress\/wp-content\/uploads\/2021\/01\/WhatsApp-Image-2020-11-30-at-22.45.56.jpeg\" data-link=\"https:\/\/zwinger-vom-saechsischen-elbland.de\/wordpress\/d-wurf\/whatsapp-image-2020-11-30-at-22-45-56-2\/\" class=\"wp-image-2564\" srcset=\"https:\/\/zwinger-vom-saechsischen-elbland.de\/wordpress\/wp-content\/uploads\/2021\/01\/WhatsApp-Image-2020-11-30-at-22.45.56-1024x497.jpeg 1024w, https:\/\/zwinger-vom-saechsischen-elbland.de\/wordpress\/wp-content\/uploads\/2021\/01\/WhatsApp-Image-2020-11-30-at-22.45.56-300x146.jpeg 300w, https:\/\/zwinger-vom-saechsischen-elbland.de\/wordpress\/wp-content\/uploads\/2021\/01\/WhatsApp-Image-2020-11-30-at-22.45.56-768x373.jpeg 768w, https:\/\/zwinger-vom-saechsischen-elbland.de\/wordpress\/wp-content\/uploads\/2021\/01\/WhatsApp-Image-2020-11-30-at-22.45.56-1536x746.jpeg 1536w, https:\/\/zwinger-vom-saechsischen-elbland.de\/wordpress\/wp-content\/uploads\/2021\/01\/WhatsApp-Image-2020-11-30-at-22.45.56.jpeg 1600w\" sizes=\"(max-width: 1024px) 100vw, 1024px\" \/><\/figure><\/li><\/ul><\/figure>\n\n\n\n<figure class=\"wp-block-image alignfull is-style-default\"><img loading=\"lazy\" width=\"1024\" height=\"18\" src=\"http:\/\/zwinger-vom-saechsischen-elbland.de\/wordpress\/wp-content\/uploads\/2019\/01\/Linie-1-1024x18.png\" alt=\"\" class=\"wp-image-593\" srcset=\"https:\/\/zwinger-vom-saechsischen-elbland.de\/wordpress\/wp-content\/uploads\/2019\/01\/Linie-1-1024x18.png 1024w, https:\/\/zwinger-vom-saechsischen-elbland.de\/wordpress\/wp-content\/uploads\/2019\/01\/Linie-1-300x5.png 300w, https:\/\/zwinger-vom-saechsischen-elbland.de\/wordpress\/wp-content\/uploads\/2019\/01\/Linie-1-768x14.png 768w, https:\/\/zwinger-vom-saechsischen-elbland.de\/wordpress\/wp-content\/uploads\/2019\/01\/Linie-1.png 1903w\" sizes=\"(max-width: 1024px) 100vw, 1024px\" \/><\/figure>\n\n\n\n<figure class=\"wp-block-video aligncenter\"><video controls src=\"http:\/\/zwinger-vom-saechsischen-elbland.de\/wordpress\/wp-content\/uploads\/2021\/01\/Ausflug-in-den-Schnee.mp4\"><\/video><figcaption>Gemafreie Musik von www.frametraxx.de<\/figcaption><\/figure>\n\n\n\n<figure class=\"wp-block-image alignfull is-style-default\"><img loading=\"lazy\" width=\"1024\" height=\"18\" src=\"http:\/\/zwinger-vom-saechsischen-elbland.de\/wordpress\/wp-content\/uploads\/2019\/01\/Linie-1-1024x18.png\" alt=\"\" class=\"wp-image-593\" srcset=\"https:\/\/zwinger-vom-saechsischen-elbland.de\/wordpress\/wp-content\/uploads\/2019\/01\/Linie-1-1024x18.png 1024w, https:\/\/zwinger-vom-saechsischen-elbland.de\/wordpress\/wp-content\/uploads\/2019\/01\/Linie-1-300x5.png 300w, https:\/\/zwinger-vom-saechsischen-elbland.de\/wordpress\/wp-content\/uploads\/2019\/01\/Linie-1-768x14.png 768w, https:\/\/zwinger-vom-saechsischen-elbland.de\/wordpress\/wp-content\/uploads\/2019\/01\/Linie-1.png 1903w\" sizes=\"(max-width: 1024px) 100vw, 1024px\" \/><\/figure>\n\n\n\n<figure class=\"wp-block-video\"><video controls src=\"https:\/\/zwinger-vom-saechsischen-elbland.de\/wordpress\/wp-content\/uploads\/2020\/12\/Wer-bist-du-denn-.mp4\"><\/video><\/figure>\n\n\n\n<figure class=\"wp-block-image alignfull is-style-default\"><img loading=\"lazy\" width=\"1024\" height=\"18\" src=\"http:\/\/zwinger-vom-saechsischen-elbland.de\/wordpress\/wp-content\/uploads\/2019\/01\/Linie-1-1024x18.png\" alt=\"\" class=\"wp-image-593\" srcset=\"https:\/\/zwinger-vom-saechsischen-elbland.de\/wordpress\/wp-content\/uploads\/2019\/01\/Linie-1-1024x18.png 1024w, https:\/\/zwinger-vom-saechsischen-elbland.de\/wordpress\/wp-content\/uploads\/2019\/01\/Linie-1-300x5.png 300w, https:\/\/zwinger-vom-saechsischen-elbland.de\/wordpress\/wp-content\/uploads\/2019\/01\/Linie-1-768x14.png 768w, https:\/\/zwinger-vom-saechsischen-elbland.de\/wordpress\/wp-content\/uploads\/2019\/01\/Linie-1.png 1903w\" sizes=\"(max-width: 1024px) 100vw, 1024px\" \/><\/figure>\n\n\n\n<div class=\"wp-block-media-text alignwide is-stacked-on-mobile\" style=\"grid-template-columns:31% auto\"><figure class=\"wp-block-media-text__media\"><img loading=\"lazy\" width=\"940\" height=\"788\" src=\"https:\/\/zwinger-vom-saechsischen-elbland.de\/wordpress\/wp-content\/uploads\/2020\/11\/Der-Countdown-laeuft....png\" alt=\"\" class=\"wp-image-2495 size-full\" srcset=\"https:\/\/zwinger-vom-saechsischen-elbland.de\/wordpress\/wp-content\/uploads\/2020\/11\/Der-Countdown-laeuft....png 940w, https:\/\/zwinger-vom-saechsischen-elbland.de\/wordpress\/wp-content\/uploads\/2020\/11\/Der-Countdown-laeuft...-300x251.png 300w, https:\/\/zwinger-vom-saechsischen-elbland.de\/wordpress\/wp-content\/uploads\/2020\/11\/Der-Countdown-laeuft...-768x644.png 768w\" sizes=\"(max-width: 940px) 100vw, 940px\" \/><\/figure><div class=\"wp-block-media-text__content\">\n<p class=\"has-text-align-left has-small-font-size\">Der Countdown l\u00e4uft&#8230; Das Welpenzimmer ist fertig aufgebaut, der letzte Tierarztbesuch war heute &#8211; alles ist in Ordnung &#8211; und die Webseite ist nun auch aktualisiert. Zu unserer (neuen) Zuchtst\u00e4tte k\u00f6nnt ihr nun alles <a href=\"https:\/\/zwinger-vom-saechsischen-elbland.de\/wordpress\/das-sind-wir\/neue-zuchtstaette\/\" data-type=\"page\" data-id=\"2428\">hier<\/a> nachlesen.<\/p>\n<\/div><\/div>\n\n\n\n<figure class=\"wp-block-image alignfull is-style-default\"><img loading=\"lazy\" width=\"1024\" height=\"18\" src=\"http:\/\/zwinger-vom-saechsischen-elbland.de\/wordpress\/wp-content\/uploads\/2019\/01\/Linie-1-1024x18.png\" alt=\"\" class=\"wp-image-593\" srcset=\"https:\/\/zwinger-vom-saechsischen-elbland.de\/wordpress\/wp-content\/uploads\/2019\/01\/Linie-1-1024x18.png 1024w, https:\/\/zwinger-vom-saechsischen-elbland.de\/wordpress\/wp-content\/uploads\/2019\/01\/Linie-1-300x5.png 300w, https:\/\/zwinger-vom-saechsischen-elbland.de\/wordpress\/wp-content\/uploads\/2019\/01\/Linie-1-768x14.png 768w, https:\/\/zwinger-vom-saechsischen-elbland.de\/wordpress\/wp-content\/uploads\/2019\/01\/Linie-1.png 1903w\" sizes=\"(max-width: 1024px) 100vw, 1024px\" \/><\/figure>\n\n\n\n<div class=\"wp-block-media-text alignwide has-media-on-the-right is-stacked-on-mobile\" style=\"grid-template-columns:auto 42%\"><figure class=\"wp-block-media-text__media\"><img loading=\"lazy\" width=\"940\" height=\"788\" src=\"http:\/\/zwinger-vom-saechsischen-elbland.de\/wordpress\/wp-content\/uploads\/2020\/10\/D-Wurf.png\" alt=\"\" class=\"wp-image-2400 size-full\" srcset=\"https:\/\/zwinger-vom-saechsischen-elbland.de\/wordpress\/wp-content\/uploads\/2020\/10\/D-Wurf.png 940w, https:\/\/zwinger-vom-saechsischen-elbland.de\/wordpress\/wp-content\/uploads\/2020\/10\/D-Wurf-300x251.png 300w, https:\/\/zwinger-vom-saechsischen-elbland.de\/wordpress\/wp-content\/uploads\/2020\/10\/D-Wurf-768x644.png 768w\" sizes=\"(max-width: 940px) 100vw, 940px\" \/><\/figure><div class=\"wp-block-media-text__content\">\n<p class=\"has-text-align-center\" style=\"font-size:19px\"><strong>Im November 2020 erwarten wir unseren D &#8211; Wurf.<\/strong><\/p>\n\n\n\n<p>Gute Nachrichten \u2013 seit heute haben wir die Best\u00e4tigung von unserem Tierarzt: Ayla erwartet mindestens 5 Welpen \u2013 Ende November. Die Warteliste ist aber schon<strong> dreimal h\u00f6her<\/strong>, als wir Welpen haben werden\u2026 Die Verpaarung war, wie bereits beim C- Wurf, mit <a href=\"https:\/\/zwinger-vom-saechsischen-elbland.de\/wordpress\/deckruede-aik-vom-aachtobel\/\" data-type=\"page\" data-id=\"1882\">Deckr\u00fcde Aik<\/a>. Aik hat nach unserer Abreise sehr traurig auf Ayla gewartet.<\/p>\n<\/div><\/div>\n","protected":false},"excerpt":{"rendered":"<p>Meine Zucht ist eine Hobbyzucht; das hei\u00dft, ich bin nicht auf den Erl\u00f6s aus dem Verkauf der Welpen angewiesen. Sie dient nicht als Lebensunterhalt. Die Auswahl der R\u00fcden f\u00fcr den A-, B-Wurf und C-Wurf war ein \u2026 weiterlesen Der Countdown &hellip; <a href=\"https:\/\/zwinger-vom-saechsischen-elbland.de\/wordpress\/d-wurf\/\" class=\"more-link\"><span>Weiterlesen<span class=\"screen-reader-text\">D-Wurf<\/span><\/span><\/a><\/p>\n","protected":false},"author":1,"featured_media":0,"parent":0,"menu_order":0,"comment_status":"closed","ping_status":"closed","template":"","meta":[],"_links":{"self":[{"href":"https:\/\/zwinger-vom-saechsischen-elbland.de\/wordpress\/wp-json\/wp\/v2\/pages\/2533"}],"collection":[{"href":"https:\/\/zwinger-vom-saechsischen-elbland.de\/wordpress\/wp-json\/wp\/v2\/pages"}],"about":[{"href":"https:\/\/zwinger-vom-saechsischen-elbland.de\/wordpress\/wp-json\/wp\/v2\/types\/page"}],"author":[{"embeddable":true,"href":"https:\/\/zwinger-vom-saechsischen-elbland.de\/wordpress\/wp-json\/wp\/v2\/users\/1"}],"replies":[{"embeddable":true,"href":"https:\/\/zwinger-vom-saechsischen-elbland.de\/wordpress\/wp-json\/wp\/v2\/comments?post=2533"}],"version-history":[{"count":6,"href":"https:\/\/zwinger-vom-saechsischen-elbland.de\/wordpress\/wp-json\/wp\/v2\/pages\/2533\/revisions"}],"predecessor-version":[{"id":2576,"href":"https:\/\/zwinger-vom-saechsischen-elbland.de\/wordpress\/wp-json\/wp\/v2\/pages\/2533\/revisions\/2576"}],"wp:attachment":[{"href":"https:\/\/zwinger-vom-saechsischen-elbland.de\/wordpress\/wp-json\/wp\/v2\/media?parent=2533"}],"curies":[{"name":"wp","href":"https:\/\/api.w.org\/{rel}","templated":true}]}}