{"id":2428,"date":"2020-11-23T11:27:08","date_gmt":"2020-11-23T10:27:08","guid":{"rendered":"http:\/\/zwinger-vom-saechsischen-elbland.de\/wordpress\/?page_id=2428"},"modified":"2020-11-23T15:40:16","modified_gmt":"2020-11-23T14:40:16","slug":"neue-zuchtstaette","status":"publish","type":"page","link":"https:\/\/zwinger-vom-saechsischen-elbland.de\/wordpress\/das-sind-wir\/neue-zuchtstaette\/","title":{"rendered":"Neue Zuchtst\u00e4tte"},"content":{"rendered":"\n<div class=\"wp-block-cover alignfull has-background-dim-20 has-background-dim has-custom-content-position is-position-center-right\" style=\"background-image:url(http:\/\/zwinger-vom-saechsischen-elbland.de\/wordpress\/wp-content\/uploads\/2020\/11\/WhatsApp-Image-2020-11-23-at-09.04.142.jpeg);background-position:40% 26%;min-height:622px\"><div class=\"wp-block-cover__inner-container\">\n<h1><span class=\"has-inline-color has-white-color\">Wir sind umgezogen&#8230;<\/span><\/h1>\n<\/div><\/div>\n\n\n\n<div class=\"wp-block-group\"><div class=\"wp-block-group__inner-container\">\n<p class=\"has-text-align-center\"><br> Unser neues Einfamilienhaus liegt in absoluter ruhigen Lage in Ottendorf Okrilla \/ Ortsteil Medingen <br> &#8211; 15 Kilometer von Dresden entfernt. <\/p>\n\n\n\n<div class=\"wp-block-image is-style-default\"><figure class=\"aligncenter size-large is-resized\"><img loading=\"lazy\" src=\"http:\/\/zwinger-vom-saechsischen-elbland.de\/wordpress\/wp-content\/uploads\/2020\/11\/WhatsApp-Image-2020-11-23-at-09.04.137-1024x1024.jpeg\" alt=\"\" class=\"wp-image-2437\" width=\"471\" height=\"471\" srcset=\"https:\/\/zwinger-vom-saechsischen-elbland.de\/wordpress\/wp-content\/uploads\/2020\/11\/WhatsApp-Image-2020-11-23-at-09.04.137-1024x1024.jpeg 1024w, https:\/\/zwinger-vom-saechsischen-elbland.de\/wordpress\/wp-content\/uploads\/2020\/11\/WhatsApp-Image-2020-11-23-at-09.04.137-300x300.jpeg 300w, https:\/\/zwinger-vom-saechsischen-elbland.de\/wordpress\/wp-content\/uploads\/2020\/11\/WhatsApp-Image-2020-11-23-at-09.04.137-150x150.jpeg 150w, https:\/\/zwinger-vom-saechsischen-elbland.de\/wordpress\/wp-content\/uploads\/2020\/11\/WhatsApp-Image-2020-11-23-at-09.04.137-768x768.jpeg 768w, https:\/\/zwinger-vom-saechsischen-elbland.de\/wordpress\/wp-content\/uploads\/2020\/11\/WhatsApp-Image-2020-11-23-at-09.04.137-533x533.jpeg 533w, https:\/\/zwinger-vom-saechsischen-elbland.de\/wordpress\/wp-content\/uploads\/2020\/11\/WhatsApp-Image-2020-11-23-at-09.04.137-640x640.jpeg 640w, https:\/\/zwinger-vom-saechsischen-elbland.de\/wordpress\/wp-content\/uploads\/2020\/11\/WhatsApp-Image-2020-11-23-at-09.04.137-864x864.jpeg 864w, https:\/\/zwinger-vom-saechsischen-elbland.de\/wordpress\/wp-content\/uploads\/2020\/11\/WhatsApp-Image-2020-11-23-at-09.04.137.jpeg 1448w\" sizes=\"(max-width: 471px) 100vw, 471px\" \/><\/figure><\/div>\n\n\n\n<p>Hier lebe ich in meinem Mehrgenerationenprojekt:  Mama, zwei T\u00f6chter, einer Enkeltochter, mein Bruder, drei Katzen und zwei Katerlis, zwei H\u00e4sinnen und nat\u00fcrlich Ayla und Bianca. Auf \u00fcber 300 qm Wohnfl\u00e4che. Unsere gro\u00dfe Terrasse mit dem herrlichen Blick in den Garten, von ca. 3000 qm, verbinden wir Wohnen mit Erholung.<\/p>\n\n\n\n<div class=\"wp-block-group\"><div class=\"wp-block-group__inner-container\">\n<figure class=\"wp-block-gallery aligncenter columns-3 is-cropped\"><ul class=\"blocks-gallery-grid\"><li class=\"blocks-gallery-item\"><figure><img loading=\"lazy\" width=\"400\" height=\"300\" src=\"http:\/\/zwinger-vom-saechsischen-elbland.de\/wordpress\/wp-content\/uploads\/2020\/11\/80.jpg\" alt=\"\" data-id=\"2452\" data-full-url=\"http:\/\/zwinger-vom-saechsischen-elbland.de\/wordpress\/wp-content\/uploads\/2020\/11\/80.jpg\" data-link=\"http:\/\/zwinger-vom-saechsischen-elbland.de\/wordpress\/neue-zuchtstaette\/attachment\/80\/\" class=\"wp-image-2452\" srcset=\"https:\/\/zwinger-vom-saechsischen-elbland.de\/wordpress\/wp-content\/uploads\/2020\/11\/80.jpg 400w, https:\/\/zwinger-vom-saechsischen-elbland.de\/wordpress\/wp-content\/uploads\/2020\/11\/80-300x225.jpg 300w\" sizes=\"(max-width: 400px) 100vw, 400px\" \/><\/figure><\/li><li class=\"blocks-gallery-item\"><figure><img loading=\"lazy\" width=\"1024\" height=\"1024\" src=\"http:\/\/zwinger-vom-saechsischen-elbland.de\/wordpress\/wp-content\/uploads\/2020\/11\/WhatsApp-Image-2020-11-23-at-09.04.14-1024x1024.jpeg\" alt=\"\" data-id=\"2436\" data-full-url=\"http:\/\/zwinger-vom-saechsischen-elbland.de\/wordpress\/wp-content\/uploads\/2020\/11\/WhatsApp-Image-2020-11-23-at-09.04.14.jpeg\" data-link=\"http:\/\/zwinger-vom-saechsischen-elbland.de\/wordpress\/neue-zuchtstaette\/whatsapp-image-2020-11-23-at-09-04-14\/\" class=\"wp-image-2436\" srcset=\"https:\/\/zwinger-vom-saechsischen-elbland.de\/wordpress\/wp-content\/uploads\/2020\/11\/WhatsApp-Image-2020-11-23-at-09.04.14-1024x1024.jpeg 1024w, https:\/\/zwinger-vom-saechsischen-elbland.de\/wordpress\/wp-content\/uploads\/2020\/11\/WhatsApp-Image-2020-11-23-at-09.04.14-300x300.jpeg 300w, https:\/\/zwinger-vom-saechsischen-elbland.de\/wordpress\/wp-content\/uploads\/2020\/11\/WhatsApp-Image-2020-11-23-at-09.04.14-150x150.jpeg 150w, https:\/\/zwinger-vom-saechsischen-elbland.de\/wordpress\/wp-content\/uploads\/2020\/11\/WhatsApp-Image-2020-11-23-at-09.04.14-768x768.jpeg 768w, https:\/\/zwinger-vom-saechsischen-elbland.de\/wordpress\/wp-content\/uploads\/2020\/11\/WhatsApp-Image-2020-11-23-at-09.04.14-1536x1536.jpeg 1536w, https:\/\/zwinger-vom-saechsischen-elbland.de\/wordpress\/wp-content\/uploads\/2020\/11\/WhatsApp-Image-2020-11-23-at-09.04.14-533x533.jpeg 533w, https:\/\/zwinger-vom-saechsischen-elbland.de\/wordpress\/wp-content\/uploads\/2020\/11\/WhatsApp-Image-2020-11-23-at-09.04.14-640x640.jpeg 640w, https:\/\/zwinger-vom-saechsischen-elbland.de\/wordpress\/wp-content\/uploads\/2020\/11\/WhatsApp-Image-2020-11-23-at-09.04.14-864x864.jpeg 864w, https:\/\/zwinger-vom-saechsischen-elbland.de\/wordpress\/wp-content\/uploads\/2020\/11\/WhatsApp-Image-2020-11-23-at-09.04.14.jpeg 1600w\" sizes=\"(max-width: 1024px) 100vw, 1024px\" \/><\/figure><\/li><li class=\"blocks-gallery-item\"><figure><img loading=\"lazy\" width=\"658\" height=\"1024\" src=\"http:\/\/zwinger-vom-saechsischen-elbland.de\/wordpress\/wp-content\/uploads\/2020\/11\/WhatsApp-Image-2020-11-23-at-09.04.12-658x1024.jpeg\" alt=\"\" data-id=\"2449\" data-full-url=\"http:\/\/zwinger-vom-saechsischen-elbland.de\/wordpress\/wp-content\/uploads\/2020\/11\/WhatsApp-Image-2020-11-23-at-09.04.12.jpeg\" data-link=\"http:\/\/zwinger-vom-saechsischen-elbland.de\/wordpress\/neue-zuchtstaette\/whatsapp-image-2020-11-23-at-09-04-12\/\" class=\"wp-image-2449\" srcset=\"https:\/\/zwinger-vom-saechsischen-elbland.de\/wordpress\/wp-content\/uploads\/2020\/11\/WhatsApp-Image-2020-11-23-at-09.04.12-658x1024.jpeg 658w, https:\/\/zwinger-vom-saechsischen-elbland.de\/wordpress\/wp-content\/uploads\/2020\/11\/WhatsApp-Image-2020-11-23-at-09.04.12-193x300.jpeg 193w, https:\/\/zwinger-vom-saechsischen-elbland.de\/wordpress\/wp-content\/uploads\/2020\/11\/WhatsApp-Image-2020-11-23-at-09.04.12-768x1196.jpeg 768w, https:\/\/zwinger-vom-saechsischen-elbland.de\/wordpress\/wp-content\/uploads\/2020\/11\/WhatsApp-Image-2020-11-23-at-09.04.12.jpeg 980w\" sizes=\"(max-width: 658px) 100vw, 658px\" \/><\/figure><\/li><\/ul><\/figure>\n<\/div><\/div>\n\n\n\n<hr class=\"wp-block-separator is-style-wide\"\/>\n\n\n\n<p>Die &#8220;kleine R\u00f6der&#8221; am Grundst\u00fcck, umgeben von wundervollen W\u00e4ldern und Wiesen &#8211; was f\u00fcr eine neue Idylle f\u00fcr Mensch und Tier. Alle Zuchtgegebenheiten sind hier genauso vorhanden, wie bei meiner <a href=\"https:\/\/zwinger-vom-saechsischen-elbland.de\/wordpress\/das-sind-wir\/zuchtstaette\/\" data-type=\"page\" data-id=\"227\">ersten Zuchtst\u00e4tte<\/a>.<\/p>\n<\/div><\/div>\n\n\n\n<figure class=\"wp-block-gallery columns-3 is-cropped\"><ul class=\"blocks-gallery-grid\"><li class=\"blocks-gallery-item\"><figure><img loading=\"lazy\" width=\"576\" height=\"1024\" src=\"http:\/\/zwinger-vom-saechsischen-elbland.de\/wordpress\/wp-content\/uploads\/2020\/11\/WhatsApp-Image-2020-11-23-at-09.04.143-576x1024.jpeg\" alt=\"\" data-id=\"2433\" data-full-url=\"http:\/\/zwinger-vom-saechsischen-elbland.de\/wordpress\/wp-content\/uploads\/2020\/11\/WhatsApp-Image-2020-11-23-at-09.04.143.jpeg\" data-link=\"http:\/\/zwinger-vom-saechsischen-elbland.de\/wordpress\/?attachment_id=2433\" class=\"wp-image-2433\" srcset=\"https:\/\/zwinger-vom-saechsischen-elbland.de\/wordpress\/wp-content\/uploads\/2020\/11\/WhatsApp-Image-2020-11-23-at-09.04.143-576x1024.jpeg 576w, https:\/\/zwinger-vom-saechsischen-elbland.de\/wordpress\/wp-content\/uploads\/2020\/11\/WhatsApp-Image-2020-11-23-at-09.04.143-169x300.jpeg 169w, https:\/\/zwinger-vom-saechsischen-elbland.de\/wordpress\/wp-content\/uploads\/2020\/11\/WhatsApp-Image-2020-11-23-at-09.04.143-768x1365.jpeg 768w, https:\/\/zwinger-vom-saechsischen-elbland.de\/wordpress\/wp-content\/uploads\/2020\/11\/WhatsApp-Image-2020-11-23-at-09.04.143-864x1536.jpeg 864w, https:\/\/zwinger-vom-saechsischen-elbland.de\/wordpress\/wp-content\/uploads\/2020\/11\/WhatsApp-Image-2020-11-23-at-09.04.143.jpeg 900w\" sizes=\"(max-width: 576px) 100vw, 576px\" \/><\/figure><\/li><li class=\"blocks-gallery-item\"><figure><img loading=\"lazy\" width=\"1024\" height=\"576\" src=\"http:\/\/zwinger-vom-saechsischen-elbland.de\/wordpress\/wp-content\/uploads\/2020\/11\/WhatsApp-Image-2020-11-23-at-09.04.134-1024x576.jpeg\" alt=\"\" data-id=\"2440\" data-full-url=\"http:\/\/zwinger-vom-saechsischen-elbland.de\/wordpress\/wp-content\/uploads\/2020\/11\/WhatsApp-Image-2020-11-23-at-09.04.134.jpeg\" data-link=\"http:\/\/zwinger-vom-saechsischen-elbland.de\/wordpress\/?attachment_id=2440\" class=\"wp-image-2440\" srcset=\"https:\/\/zwinger-vom-saechsischen-elbland.de\/wordpress\/wp-content\/uploads\/2020\/11\/WhatsApp-Image-2020-11-23-at-09.04.134-1024x576.jpeg 1024w, https:\/\/zwinger-vom-saechsischen-elbland.de\/wordpress\/wp-content\/uploads\/2020\/11\/WhatsApp-Image-2020-11-23-at-09.04.134-300x169.jpeg 300w, https:\/\/zwinger-vom-saechsischen-elbland.de\/wordpress\/wp-content\/uploads\/2020\/11\/WhatsApp-Image-2020-11-23-at-09.04.134-768x432.jpeg 768w, https:\/\/zwinger-vom-saechsischen-elbland.de\/wordpress\/wp-content\/uploads\/2020\/11\/WhatsApp-Image-2020-11-23-at-09.04.134-1536x864.jpeg 1536w, https:\/\/zwinger-vom-saechsischen-elbland.de\/wordpress\/wp-content\/uploads\/2020\/11\/WhatsApp-Image-2020-11-23-at-09.04.134.jpeg 1600w\" sizes=\"(max-width: 1024px) 100vw, 1024px\" \/><\/figure><\/li><li class=\"blocks-gallery-item\"><figure><img loading=\"lazy\" width=\"1024\" height=\"663\" src=\"http:\/\/zwinger-vom-saechsischen-elbland.de\/wordpress\/wp-content\/uploads\/2020\/11\/WhatsApp-Image-2020-11-23-at-09.04.144-1024x663.jpeg\" alt=\"\" data-id=\"2432\" data-full-url=\"http:\/\/zwinger-vom-saechsischen-elbland.de\/wordpress\/wp-content\/uploads\/2020\/11\/WhatsApp-Image-2020-11-23-at-09.04.144.jpeg\" data-link=\"http:\/\/zwinger-vom-saechsischen-elbland.de\/wordpress\/?attachment_id=2432\" class=\"wp-image-2432\" srcset=\"https:\/\/zwinger-vom-saechsischen-elbland.de\/wordpress\/wp-content\/uploads\/2020\/11\/WhatsApp-Image-2020-11-23-at-09.04.144-1024x663.jpeg 1024w, https:\/\/zwinger-vom-saechsischen-elbland.de\/wordpress\/wp-content\/uploads\/2020\/11\/WhatsApp-Image-2020-11-23-at-09.04.144-300x194.jpeg 300w, https:\/\/zwinger-vom-saechsischen-elbland.de\/wordpress\/wp-content\/uploads\/2020\/11\/WhatsApp-Image-2020-11-23-at-09.04.144-768x497.jpeg 768w, https:\/\/zwinger-vom-saechsischen-elbland.de\/wordpress\/wp-content\/uploads\/2020\/11\/WhatsApp-Image-2020-11-23-at-09.04.144.jpeg 1489w\" sizes=\"(max-width: 1024px) 100vw, 1024px\" \/><\/figure><\/li><li class=\"blocks-gallery-item\"><figure><img loading=\"lazy\" width=\"1024\" height=\"576\" src=\"http:\/\/zwinger-vom-saechsischen-elbland.de\/wordpress\/wp-content\/uploads\/2020\/11\/WhatsApp-Image-2020-11-23-at-09.04.135-1024x576.jpeg\" alt=\"\" data-id=\"2439\" data-full-url=\"http:\/\/zwinger-vom-saechsischen-elbland.de\/wordpress\/wp-content\/uploads\/2020\/11\/WhatsApp-Image-2020-11-23-at-09.04.135.jpeg\" data-link=\"http:\/\/zwinger-vom-saechsischen-elbland.de\/wordpress\/?attachment_id=2439\" class=\"wp-image-2439\" srcset=\"https:\/\/zwinger-vom-saechsischen-elbland.de\/wordpress\/wp-content\/uploads\/2020\/11\/WhatsApp-Image-2020-11-23-at-09.04.135-1024x576.jpeg 1024w, https:\/\/zwinger-vom-saechsischen-elbland.de\/wordpress\/wp-content\/uploads\/2020\/11\/WhatsApp-Image-2020-11-23-at-09.04.135-300x169.jpeg 300w, https:\/\/zwinger-vom-saechsischen-elbland.de\/wordpress\/wp-content\/uploads\/2020\/11\/WhatsApp-Image-2020-11-23-at-09.04.135-768x432.jpeg 768w, https:\/\/zwinger-vom-saechsischen-elbland.de\/wordpress\/wp-content\/uploads\/2020\/11\/WhatsApp-Image-2020-11-23-at-09.04.135-1536x864.jpeg 1536w, https:\/\/zwinger-vom-saechsischen-elbland.de\/wordpress\/wp-content\/uploads\/2020\/11\/WhatsApp-Image-2020-11-23-at-09.04.135.jpeg 1600w\" sizes=\"(max-width: 1024px) 100vw, 1024px\" \/><\/figure><\/li><li class=\"blocks-gallery-item\"><figure><img loading=\"lazy\" width=\"1024\" height=\"497\" src=\"http:\/\/zwinger-vom-saechsischen-elbland.de\/wordpress\/wp-content\/uploads\/2020\/11\/WhatsApp-Image-2020-11-23-at-09.04.112-1024x497.jpeg\" alt=\"\" data-id=\"2450\" data-full-url=\"http:\/\/zwinger-vom-saechsischen-elbland.de\/wordpress\/wp-content\/uploads\/2020\/11\/WhatsApp-Image-2020-11-23-at-09.04.112.jpeg\" data-link=\"http:\/\/zwinger-vom-saechsischen-elbland.de\/wordpress\/?attachment_id=2450\" class=\"wp-image-2450\" srcset=\"https:\/\/zwinger-vom-saechsischen-elbland.de\/wordpress\/wp-content\/uploads\/2020\/11\/WhatsApp-Image-2020-11-23-at-09.04.112-1024x497.jpeg 1024w, https:\/\/zwinger-vom-saechsischen-elbland.de\/wordpress\/wp-content\/uploads\/2020\/11\/WhatsApp-Image-2020-11-23-at-09.04.112-300x146.jpeg 300w, https:\/\/zwinger-vom-saechsischen-elbland.de\/wordpress\/wp-content\/uploads\/2020\/11\/WhatsApp-Image-2020-11-23-at-09.04.112-768x373.jpeg 768w, https:\/\/zwinger-vom-saechsischen-elbland.de\/wordpress\/wp-content\/uploads\/2020\/11\/WhatsApp-Image-2020-11-23-at-09.04.112-1536x746.jpeg 1536w, https:\/\/zwinger-vom-saechsischen-elbland.de\/wordpress\/wp-content\/uploads\/2020\/11\/WhatsApp-Image-2020-11-23-at-09.04.112.jpeg 1600w\" sizes=\"(max-width: 1024px) 100vw, 1024px\" \/><\/figure><\/li><li class=\"blocks-gallery-item\"><figure><img loading=\"lazy\" width=\"1024\" height=\"497\" src=\"http:\/\/zwinger-vom-saechsischen-elbland.de\/wordpress\/wp-content\/uploads\/2020\/11\/WhatsApp-Image-2020-11-23-at-09.04.122-1024x497.jpeg\" alt=\"\" data-id=\"2447\" data-full-url=\"http:\/\/zwinger-vom-saechsischen-elbland.de\/wordpress\/wp-content\/uploads\/2020\/11\/WhatsApp-Image-2020-11-23-at-09.04.122.jpeg\" data-link=\"http:\/\/zwinger-vom-saechsischen-elbland.de\/wordpress\/?attachment_id=2447\" class=\"wp-image-2447\" srcset=\"https:\/\/zwinger-vom-saechsischen-elbland.de\/wordpress\/wp-content\/uploads\/2020\/11\/WhatsApp-Image-2020-11-23-at-09.04.122-1024x497.jpeg 1024w, https:\/\/zwinger-vom-saechsischen-elbland.de\/wordpress\/wp-content\/uploads\/2020\/11\/WhatsApp-Image-2020-11-23-at-09.04.122-300x146.jpeg 300w, https:\/\/zwinger-vom-saechsischen-elbland.de\/wordpress\/wp-content\/uploads\/2020\/11\/WhatsApp-Image-2020-11-23-at-09.04.122-768x373.jpeg 768w, https:\/\/zwinger-vom-saechsischen-elbland.de\/wordpress\/wp-content\/uploads\/2020\/11\/WhatsApp-Image-2020-11-23-at-09.04.122-1536x746.jpeg 1536w, https:\/\/zwinger-vom-saechsischen-elbland.de\/wordpress\/wp-content\/uploads\/2020\/11\/WhatsApp-Image-2020-11-23-at-09.04.122.jpeg 1600w\" sizes=\"(max-width: 1024px) 100vw, 1024px\" \/><\/figure><\/li><\/ul><\/figure>\n\n\n\n<figure class=\"wp-block-image alignfull size-large is-style-default\"><img loading=\"lazy\" width=\"1024\" height=\"18\" src=\"http:\/\/zwinger-vom-saechsischen-elbland.de\/wordpress\/wp-content\/uploads\/2019\/01\/Linie-1-1024x18.png\" alt=\"\" class=\"wp-image-593\" srcset=\"https:\/\/zwinger-vom-saechsischen-elbland.de\/wordpress\/wp-content\/uploads\/2019\/01\/Linie-1-1024x18.png 1024w, https:\/\/zwinger-vom-saechsischen-elbland.de\/wordpress\/wp-content\/uploads\/2019\/01\/Linie-1-300x5.png 300w, https:\/\/zwinger-vom-saechsischen-elbland.de\/wordpress\/wp-content\/uploads\/2019\/01\/Linie-1-768x14.png 768w, https:\/\/zwinger-vom-saechsischen-elbland.de\/wordpress\/wp-content\/uploads\/2019\/01\/Linie-1.png 1903w\" sizes=\"(max-width: 1024px) 100vw, 1024px\" \/><\/figure>\n\n\n<a href=\"https:\/\/zwinger-vom-saechsischen-elbland.de\/wordpress\/wp-content\/uploads\/2020\/11\/Zwingerabnahme.pdf\" class=\"pdfemb-viewer\" style=\"width: 1000px; height: 500px; \" data-width=\"1000\" data-height=\"500\"  data-toolbar=\"both\" data-toolbar-fixed=\"on\">Zwingerabnahme<br\/><\/a>\n<p class=\"wp-block-pdfemb-pdf-embedder-viewer\"><\/p>\n","protected":false},"excerpt":{"rendered":"","protected":false},"author":1,"featured_media":0,"parent":491,"menu_order":6,"comment_status":"closed","ping_status":"closed","template":"","meta":[],"_links":{"self":[{"href":"https:\/\/zwinger-vom-saechsischen-elbland.de\/wordpress\/wp-json\/wp\/v2\/pages\/2428"}],"collection":[{"href":"https:\/\/zwinger-vom-saechsischen-elbland.de\/wordpress\/wp-json\/wp\/v2\/pages"}],"about":[{"href":"https:\/\/zwinger-vom-saechsischen-elbland.de\/wordpress\/wp-json\/wp\/v2\/types\/page"}],"author":[{"embeddable":true,"href":"https:\/\/zwinger-vom-saechsischen-elbland.de\/wordpress\/wp-json\/wp\/v2\/users\/1"}],"replies":[{"embeddable":true,"href":"https:\/\/zwinger-vom-saechsischen-elbland.de\/wordpress\/wp-json\/wp\/v2\/comments?post=2428"}],"version-history":[{"count":23,"href":"https:\/\/zwinger-vom-saechsischen-elbland.de\/wordpress\/wp-json\/wp\/v2\/pages\/2428\/revisions"}],"predecessor-version":[{"id":2515,"href":"https:\/\/zwinger-vom-saechsischen-elbland.de\/wordpress\/wp-json\/wp\/v2\/pages\/2428\/revisions\/2515"}],"up":[{"embeddable":true,"href":"https:\/\/zwinger-vom-saechsischen-elbland.de\/wordpress\/wp-json\/wp\/v2\/pages\/491"}],"wp:attachment":[{"href":"https:\/\/zwinger-vom-saechsischen-elbland.de\/wordpress\/wp-json\/wp\/v2\/media?parent=2428"}],"curies":[{"name":"wp","href":"https:\/\/api.w.org\/{rel}","templated":true}]}}