{"id":232,"date":"2018-07-24T11:34:55","date_gmt":"2018-07-24T09:34:55","guid":{"rendered":"http:\/\/zwinger-vom-saechsischen-elbland.de\/wordpress\/?page_id=232"},"modified":"2021-02-15T21:30:25","modified_gmt":"2021-02-15T20:30:25","slug":"etwas-zur-rasse","status":"publish","type":"page","link":"https:\/\/zwinger-vom-saechsischen-elbland.de\/wordpress\/etwas-zur-rasse\/","title":{"rendered":"Etwas zur Rasse"},"content":{"rendered":"\n<div class=\"wp-block-cover alignfull has-background-dim\" style=\"background-image:url(http:\/\/zwinger-vom-saechsischen-elbland.de\/wordpress\/wp-content\/uploads\/2019\/03\/6804cc76-3d4c-6e77-f53f-cb98c5ef5e56-1.jpg)\"><div class=\"wp-block-cover__inner-container\">\n<p class=\"has-text-align-center has-large-font-size\"><\/p>\n<\/div><\/div>\n\n\n\n<div class=\"wp-block-media-text alignwide is-stacked-on-mobile\" style=\"grid-template-columns:29% auto\"><figure class=\"wp-block-media-text__media\"><img loading=\"lazy\" width=\"1024\" height=\"768\" src=\"http:\/\/zwinger-vom-saechsischen-elbland.de\/wordpress\/wp-content\/uploads\/2019\/03\/WhatsApp-Image-2017-10-03-at-20.05.24-1024x768.jpeg\" alt=\"\" class=\"wp-image-1342 size-full\"\/><\/figure><div class=\"wp-block-media-text__content\">\n<p style=\"font-size:15px\">Der FCI-Rassestandart geht nur kurz auf die vielseitigen und liebenswerten Charaktereigenschaften des Wei\u00dfen Sch\u00e4ferhundes ein und l\u00e4\u00dft dabei viel Platz f\u00fcr Definitionsinterpretationen. Die Sch\u00f6nheit dieser Rasse darf nicht dar\u00fcber hinwegt\u00e4uschen, dass sie urspr\u00fcnglich als Arbeitstiere gez\u00fcchtet wurden. Wird der Wei\u00dfe also nur wegen seines \u00c4u\u00dferen oder als Prestigeobjekt angeschafft, kann ein schwieriger Weg vor dem Besitzer liegen.<\/p>\n<\/div><\/div>\n\n\n\n<div class=\"wp-block-media-text alignwide has-media-on-the-right is-stacked-on-mobile\" style=\"grid-template-columns:auto 34%\"><figure class=\"wp-block-media-text__media\"><img loading=\"lazy\" width=\"1024\" height=\"683\" src=\"http:\/\/zwinger-vom-saechsischen-elbland.de\/wordpress\/wp-content\/uploads\/2019\/03\/6028390c-e7df-3a7c-f2f8-f4ec34deed74-1024x683.jpg\" alt=\"\" class=\"wp-image-1333 size-full\" srcset=\"https:\/\/zwinger-vom-saechsischen-elbland.de\/wordpress\/wp-content\/uploads\/2019\/03\/6028390c-e7df-3a7c-f2f8-f4ec34deed74-1024x683.jpg 1024w, https:\/\/zwinger-vom-saechsischen-elbland.de\/wordpress\/wp-content\/uploads\/2019\/03\/6028390c-e7df-3a7c-f2f8-f4ec34deed74-300x200.jpg 300w, https:\/\/zwinger-vom-saechsischen-elbland.de\/wordpress\/wp-content\/uploads\/2019\/03\/6028390c-e7df-3a7c-f2f8-f4ec34deed74-768x512.jpg 768w, https:\/\/zwinger-vom-saechsischen-elbland.de\/wordpress\/wp-content\/uploads\/2019\/03\/6028390c-e7df-3a7c-f2f8-f4ec34deed74-272x182.jpg 272w\" sizes=\"(max-width: 1024px) 100vw, 1024px\" \/><\/figure><div class=\"wp-block-media-text__content\">\n<p style=\"font-size:15px\">Besch\u00e4ftigung und Bindung an sein Rudel\/seinen Menschen sind die wichtigsten Dinge, die ein Wei\u00dfer Sch\u00e4ferhund begehrt. Bis zu 6 Jahren kann es sein, dass der Wei\u00dfe immer noch mit seinem Spielzeug im Maul fordernd mit seinen wundersch\u00f6nen braunen Augen vor uns steht, w\u00e4hrend wir so gern schon in der warmen Wanne sitzen w\u00fcrden.<\/p>\n<\/div><\/div>\n\n\n\n<div class=\"wp-block-media-text alignfull is-stacked-on-mobile\" style=\"grid-template-columns:43% auto\"><figure class=\"wp-block-media-text__media\"><img loading=\"lazy\" width=\"1024\" height=\"576\" src=\"http:\/\/zwinger-vom-saechsischen-elbland.de\/wordpress\/wp-content\/uploads\/2019\/03\/WhatsApp-Image-2019-02-02-at-23.35.07-1024x576.jpeg\" alt=\"\" class=\"wp-image-1340 size-full\" srcset=\"https:\/\/zwinger-vom-saechsischen-elbland.de\/wordpress\/wp-content\/uploads\/2019\/03\/WhatsApp-Image-2019-02-02-at-23.35.07-1024x576.jpeg 1024w, https:\/\/zwinger-vom-saechsischen-elbland.de\/wordpress\/wp-content\/uploads\/2019\/03\/WhatsApp-Image-2019-02-02-at-23.35.07-300x169.jpeg 300w, https:\/\/zwinger-vom-saechsischen-elbland.de\/wordpress\/wp-content\/uploads\/2019\/03\/WhatsApp-Image-2019-02-02-at-23.35.07-768x432.jpeg 768w, https:\/\/zwinger-vom-saechsischen-elbland.de\/wordpress\/wp-content\/uploads\/2019\/03\/WhatsApp-Image-2019-02-02-at-23.35.07.jpeg 1600w\" sizes=\"(max-width: 1024px) 100vw, 1024px\" \/><\/figure><div class=\"wp-block-media-text__content\">\n<p style=\"font-size:15px\">Die Anh\u00e4nglichkeit dieser Rasse ist grenzenlos. Wenn ich mich hinter Str\u00e4uchern versteckt halte und meine Wei\u00dfen beobachte, wie sie meine F\u00e4hrte suchen und schlie\u00dflich schwanzwedelnd auf mich zust\u00fcrmen, l\u00f6st das in mir Gef\u00fchle aus, die ich niemals erahnt h\u00e4tte.&nbsp;<\/p>\n\n\n\n<p style=\"font-size:15px\">Besucher, die vorher noch nie bei uns zu Hause waren, werden vorsichtig an der Hand ber\u00fchrt. Sobald diese aber auch nur andeutungsweise die Hand heben um zu streicheln, ist es um jede schwarze Hose geschehen. Ist diese Hand aber nicht in der N\u00e4he der Hunde, wird die Person respektvoll behandelt, liegen aber trotzdem bereit, sobald wir am Tisch sitzen.<\/p>\n\n\n\n<p style=\"font-size:15px\">Wer noch nie den Willkommenstanz einer H\u00fcndin erlebt hat, den lade ich gern zu uns ein: Ihre Lieblinge werden willkommen gehei\u00dfen in einem Freudentanz mit \u201eGesang\u201c, der dann im ganzen Haus erschallt. Unglaublich, selbst dann, wenn die Besucher die Wohnung gerade mal f\u00fcr 10 min. verlassen haben und dann wiederkehren.<\/p>\n<\/div><\/div>\n\n\n\n<figure class=\"wp-block-gallery columns-3 is-cropped\"><ul class=\"blocks-gallery-grid\"><li class=\"blocks-gallery-item\"><figure><img loading=\"lazy\" width=\"1024\" height=\"768\" src=\"http:\/\/zwinger-vom-saechsischen-elbland.de\/wordpress\/wp-content\/uploads\/2019\/03\/96a6ea07-ffe0-f01f-6721-8bfd6fb846c5-1024x768.jpg\" alt=\"\" data-id=\"1335\" data-link=\"http:\/\/zwinger-vom-saechsischen-elbland.de\/wordpress\/infos__trashed\/etwas-zur-rasse\/96a6ea07-ffe0-f01f-6721-8bfd6fb846c5\/\" class=\"wp-image-1335\" srcset=\"https:\/\/zwinger-vom-saechsischen-elbland.de\/wordpress\/wp-content\/uploads\/2019\/03\/96a6ea07-ffe0-f01f-6721-8bfd6fb846c5-1024x768.jpg 1024w, https:\/\/zwinger-vom-saechsischen-elbland.de\/wordpress\/wp-content\/uploads\/2019\/03\/96a6ea07-ffe0-f01f-6721-8bfd6fb846c5-300x225.jpg 300w, https:\/\/zwinger-vom-saechsischen-elbland.de\/wordpress\/wp-content\/uploads\/2019\/03\/96a6ea07-ffe0-f01f-6721-8bfd6fb846c5-768x576.jpg 768w, https:\/\/zwinger-vom-saechsischen-elbland.de\/wordpress\/wp-content\/uploads\/2019\/03\/96a6ea07-ffe0-f01f-6721-8bfd6fb846c5.jpg 2048w\" sizes=\"(max-width: 1024px) 100vw, 1024px\" \/><\/figure><\/li><li class=\"blocks-gallery-item\"><figure><img loading=\"lazy\" width=\"1024\" height=\"768\" src=\"http:\/\/zwinger-vom-saechsischen-elbland.de\/wordpress\/wp-content\/uploads\/2019\/03\/0f425e62-9f30-6868-ff8c-51b0ffe27789-1024x768.jpg\" alt=\"\" data-id=\"1336\" data-link=\"http:\/\/zwinger-vom-saechsischen-elbland.de\/wordpress\/infos__trashed\/etwas-zur-rasse\/0f425e62-9f30-6868-ff8c-51b0ffe27789\/\" class=\"wp-image-1336\" srcset=\"https:\/\/zwinger-vom-saechsischen-elbland.de\/wordpress\/wp-content\/uploads\/2019\/03\/0f425e62-9f30-6868-ff8c-51b0ffe27789-1024x768.jpg 1024w, https:\/\/zwinger-vom-saechsischen-elbland.de\/wordpress\/wp-content\/uploads\/2019\/03\/0f425e62-9f30-6868-ff8c-51b0ffe27789-300x225.jpg 300w, https:\/\/zwinger-vom-saechsischen-elbland.de\/wordpress\/wp-content\/uploads\/2019\/03\/0f425e62-9f30-6868-ff8c-51b0ffe27789-768x576.jpg 768w\" sizes=\"(max-width: 1024px) 100vw, 1024px\" \/><\/figure><\/li><li class=\"blocks-gallery-item\"><figure><img loading=\"lazy\" width=\"1024\" height=\"768\" src=\"http:\/\/zwinger-vom-saechsischen-elbland.de\/wordpress\/wp-content\/uploads\/2019\/03\/WhatsApp-Image-2017-11-05-at-13.07.35-1024x768.jpeg\" alt=\"\" data-id=\"1347\" data-link=\"http:\/\/zwinger-vom-saechsischen-elbland.de\/wordpress\/infos__trashed\/etwas-zur-rasse\/whatsapp-image-2017-11-05-at-13-07-35\/\" class=\"wp-image-1347\" srcset=\"https:\/\/zwinger-vom-saechsischen-elbland.de\/wordpress\/wp-content\/uploads\/2019\/03\/WhatsApp-Image-2017-11-05-at-13.07.35-1024x768.jpeg 1024w, https:\/\/zwinger-vom-saechsischen-elbland.de\/wordpress\/wp-content\/uploads\/2019\/03\/WhatsApp-Image-2017-11-05-at-13.07.35-300x225.jpeg 300w, https:\/\/zwinger-vom-saechsischen-elbland.de\/wordpress\/wp-content\/uploads\/2019\/03\/WhatsApp-Image-2017-11-05-at-13.07.35-768x576.jpeg 768w, https:\/\/zwinger-vom-saechsischen-elbland.de\/wordpress\/wp-content\/uploads\/2019\/03\/WhatsApp-Image-2017-11-05-at-13.07.35.jpeg 1280w\" sizes=\"(max-width: 1024px) 100vw, 1024px\" \/><\/figure><\/li><\/ul><\/figure>\n\n\n\n<p style=\"font-size:15px\">Die Wei\u00dfen leben mit uns gemeinsam in einem Haus und es ist k\u00f6stlich, wenn sich ihr eingebauter Bewegungsmelder anzuschalten scheint, sobald auch nur ein Schl\u00fcssel in der Wohnungst\u00fcr umgedreht wird. Selbst in der oberen Etage liegend und ich noch denke, dass sie tief und fest schlafen, eilen sie blitzschnell herbei, um ja den Anschluss nicht zu verpassen (Spaziergang?). Wenn ich ihnen aber leise zuraune: \u201eWir gehen dann sp\u00e4ter Gassi\u201c, lassen sie sich auf den Boden plumpsen und grunzen. Oft tut es mir richtig leid, wenn ich aufstehe und sie mir in die K\u00fcche folgen, obwohl ich gleich darauf die selbige wieder verlasse. Aber sie hatten doch gerade noch geschlafen, oder etwa nicht? Mit dem Wei\u00dfen Sch\u00e4ferhund schafft man sich einen Schatten an, der T\u00fcren auch nach innen \u00f6ffnen kann.<\/p>\n\n\n\n<p style=\"font-size:15px\">Wei\u00dfe Sch\u00e4ferhunde ben\u00f6tigen f\u00fcr ein gl\u00fcckliches, ausgelastetes Leben Rudelanschluss. Sie brauchen die menschliche N\u00e4he f\u00fcr ihr Wohlbefinden. Das ist wissenschaftlich erwiesen und keine \u201eGef\u00fchlsduselei\u201c&nbsp;und auch keine vermenschelte Interpretation.&nbsp; Die Wesen die wir in unsere Obhut nehmen, egal ob gekauft oder aufgenommen, sind uns ausgeliefert.<\/p>\n\n\n\n<p style=\"font-size:15px\">Egal ob Katze, Meerschwein, Fisch\u2026. oder eben Hunde. Sie k\u00f6nnen sich nicht wehren, ob wir schlechte Launen an ihnen auslassen, wir bestimmen, wo es heute entlang zum Gassi geht, was wir ihnen zum Essen vorsetzen. Es liegt an uns, ob es ihnen gut geht. Wir haben Verantwortung f\u00fcr sie \u00fcbernommen und sollten ihr gerecht werden. Es gibt ca. 300 Hunderassen: Himmelsst\u00fcrmer und Sesselhocker, Egal-bei-welchem-Wetter-Rausgeher und Sch\u00f6nwetterverliebte, Zur\u00fcckhaltende und Wilde. Diese Eigenschaften wurden ihnen angez\u00fcchtet. <\/p>\n\n\n\n<div class=\"wp-block-image\"><figure class=\"aligncenter\"><img loading=\"lazy\" width=\"948\" height=\"948\" src=\"http:\/\/zwinger-vom-saechsischen-elbland.de\/wordpress\/wp-content\/uploads\/2019\/03\/WhatsApp-Image-2017-09-29-at-12.29.08.jpeg\" alt=\"\" class=\"wp-image-1341\" srcset=\"https:\/\/zwinger-vom-saechsischen-elbland.de\/wordpress\/wp-content\/uploads\/2019\/03\/WhatsApp-Image-2017-09-29-at-12.29.08.jpeg 948w, https:\/\/zwinger-vom-saechsischen-elbland.de\/wordpress\/wp-content\/uploads\/2019\/03\/WhatsApp-Image-2017-09-29-at-12.29.08-150x150.jpeg 150w, https:\/\/zwinger-vom-saechsischen-elbland.de\/wordpress\/wp-content\/uploads\/2019\/03\/WhatsApp-Image-2017-09-29-at-12.29.08-300x300.jpeg 300w, https:\/\/zwinger-vom-saechsischen-elbland.de\/wordpress\/wp-content\/uploads\/2019\/03\/WhatsApp-Image-2017-09-29-at-12.29.08-768x768.jpeg 768w, https:\/\/zwinger-vom-saechsischen-elbland.de\/wordpress\/wp-content\/uploads\/2019\/03\/WhatsApp-Image-2017-09-29-at-12.29.08-640x640.jpeg 640w, https:\/\/zwinger-vom-saechsischen-elbland.de\/wordpress\/wp-content\/uploads\/2019\/03\/WhatsApp-Image-2017-09-29-at-12.29.08-533x533.jpeg 533w, https:\/\/zwinger-vom-saechsischen-elbland.de\/wordpress\/wp-content\/uploads\/2019\/03\/WhatsApp-Image-2017-09-29-at-12.29.08-864x864.jpeg 864w, https:\/\/zwinger-vom-saechsischen-elbland.de\/wordpress\/wp-content\/uploads\/2019\/03\/WhatsApp-Image-2017-09-29-at-12.29.08-50x50.jpeg 50w\" sizes=\"(max-width: 948px) 100vw, 948px\" \/><\/figure><\/div>\n\n\n\n<!--more-->\n\n\n\n<p class=\"has-text-align-center has-text-color\" style=\"color:#396a37;font-size:18px\"><a class=\" link\" title=\"Warum vom Z\u00fcchter?\" rel=\"noopener noreferrer\" href=\"http:\/\/www.vdh.de\/welpen\/serioese-zuechter-erkennen\" target=\"_blank\"><strong>Warum vom Z\u00fcchter kaufen?<\/strong><\/a><\/p>\n","protected":false},"excerpt":{"rendered":"<p>Der FCI-Rassestandart geht nur kurz auf die vielseitigen und liebenswerten Charaktereigenschaften des Wei\u00dfen Sch\u00e4ferhundes ein und l\u00e4\u00dft dabei viel Platz f\u00fcr Definitionsinterpretationen. Die Sch\u00f6nheit dieser Rasse darf nicht dar\u00fcber hinwegt\u00e4uschen, dass sie urspr\u00fcnglich als Arbeitstiere gez\u00fcchtet wurden. Wird der Wei\u00dfe &hellip; <a href=\"https:\/\/zwinger-vom-saechsischen-elbland.de\/wordpress\/etwas-zur-rasse\/\" class=\"more-link\"><span>Weiterlesen<span class=\"screen-reader-text\">Etwas zur Rasse<\/span><\/span><\/a><\/p>\n","protected":false},"author":1,"featured_media":0,"parent":0,"menu_order":1,"comment_status":"closed","ping_status":"closed","template":"","meta":[],"_links":{"self":[{"href":"https:\/\/zwinger-vom-saechsischen-elbland.de\/wordpress\/wp-json\/wp\/v2\/pages\/232"}],"collection":[{"href":"https:\/\/zwinger-vom-saechsischen-elbland.de\/wordpress\/wp-json\/wp\/v2\/pages"}],"about":[{"href":"https:\/\/zwinger-vom-saechsischen-elbland.de\/wordpress\/wp-json\/wp\/v2\/types\/page"}],"author":[{"embeddable":true,"href":"https:\/\/zwinger-vom-saechsischen-elbland.de\/wordpress\/wp-json\/wp\/v2\/users\/1"}],"replies":[{"embeddable":true,"href":"https:\/\/zwinger-vom-saechsischen-elbland.de\/wordpress\/wp-json\/wp\/v2\/comments?post=232"}],"version-history":[{"count":16,"href":"https:\/\/zwinger-vom-saechsischen-elbland.de\/wordpress\/wp-json\/wp\/v2\/pages\/232\/revisions"}],"predecessor-version":[{"id":2571,"href":"https:\/\/zwinger-vom-saechsischen-elbland.de\/wordpress\/wp-json\/wp\/v2\/pages\/232\/revisions\/2571"}],"wp:attachment":[{"href":"https:\/\/zwinger-vom-saechsischen-elbland.de\/wordpress\/wp-json\/wp\/v2\/media?parent=232"}],"curies":[{"name":"wp","href":"https:\/\/api.w.org\/{rel}","templated":true}]}}