{"id":229,"date":"2011-04-10T11:37:07","date_gmt":"2011-04-10T09:37:07","guid":{"rendered":"http:\/\/zwinger-vom-saechsischen-elbland.de\/wordpress\/?page_id=229"},"modified":"2025-04-26T10:18:11","modified_gmt":"2025-04-26T08:18:11","slug":"bianca","status":"publish","type":"page","link":"https:\/\/zwinger-vom-saechsischen-elbland.de\/wordpress\/das-sind-wir\/bianca\/","title":{"rendered":"Bianca"},"content":{"rendered":"\t\t<div data-elementor-type=\"wp-page\" data-elementor-id=\"229\" class=\"elementor elementor-229\">\n\t\t\t\t\t\t<div class=\"elementor-inner\">\n\t\t\t\t<div class=\"elementor-section-wrap\">\n\t\t\t\t\t\t\t\t\t<section class=\"elementor-section elementor-top-section elementor-element elementor-element-19aea24f elementor-section-boxed elementor-section-height-default elementor-section-height-default\" data-id=\"19aea24f\" data-element_type=\"section\">\n\t\t\t\t\t\t<div class=\"elementor-container elementor-column-gap-default\">\n\t\t\t\t\t\t\t<div class=\"elementor-row\">\n\t\t\t\t\t<div class=\"elementor-column elementor-col-100 elementor-top-column elementor-element elementor-element-5d375cb3\" data-id=\"5d375cb3\" data-element_type=\"column\">\n\t\t\t<div class=\"elementor-column-wrap elementor-element-populated\">\n\t\t\t\t\t\t\t<div class=\"elementor-widget-wrap\">\n\t\t\t\t\t\t<div class=\"elementor-element elementor-element-14c952f7 elementor-widget elementor-widget-text-editor\" data-id=\"14c952f7\" data-element_type=\"widget\" data-widget_type=\"text-editor.default\">\n\t\t\t\t<div class=\"elementor-widget-container\">\n\t\t\t\t\t\t\t\t<div class=\"elementor-text-editor elementor-clearfix\">\n\t\t\t\t<p><!-- wp:paragraph {\"align\":\"center\",\"placeholder\":\"Inhalt...\",\"fontSize\":\"normal\",\"style\":{\"color\":{\"text\":\"#006400\"}}} --><\/p>\n<p class=\"has-text-align-center has-text-color has-normal-font-size\" style=\"color:#006400\">Bianca &#8211; Balika von der Maynbachbr\u00fccke wurde am 10. April 2011 geboren. Gestorben 7. Juni 2023.<br>Die Ahnentafel von Bianca kann man <strong><a rel=\"noreferrer noopener\" href=\"http:\/\/www.pedigreedatabase.com\/white_shepherd\/dog.html?id=2225155-biancabalika-von-der-maynbachbrucke\" target=\"_blank\">hier<\/a><\/strong> nachlesen.<br><\/p>\n<p><!-- \/wp:paragraph --><\/p>\n<p><!-- wp:image {\"align\":\"center\",\"id\":562,\"width\":543,\"height\":390,\"linkDestination\":\"media\"} --><\/p>\n<div class=\"wp-block-image\">\n<figure class=\"aligncenter is-resized\"><a href=\"https:\/\/zwinger-vom-saechsischen-elbland.de\/wordpress\/wp-content\/uploads\/2019\/01\/Bianca.jpg\"><img loading=\"lazy\" src=\"http:\/\/zwinger-vom-saechsischen-elbland.de\/wordpress\/wp-content\/uploads\/2019\/01\/Bianca-1.jpg\" alt=\"\" class=\"wp-image-562\" width=\"543\" height=\"390\"><\/a><\/figure>\n<\/div>\n<p><!-- \/wp:image --><\/p>\n<p><!-- wp:image {\"align\":\"full\",\"id\":593} --><\/p>\n<figure class=\"wp-block-image alignfull\"><img loading=\"lazy\" width=\"1024\" height=\"18\" src=\"http:\/\/zwinger-vom-saechsischen-elbland.de\/wordpress\/wp-content\/uploads\/2019\/01\/Linie-1-1024x18.png\" alt=\"\" class=\"wp-image-593\" srcset=\"https:\/\/zwinger-vom-saechsischen-elbland.de\/wordpress\/wp-content\/uploads\/2019\/01\/Linie-1-1024x18.png 1024w, https:\/\/zwinger-vom-saechsischen-elbland.de\/wordpress\/wp-content\/uploads\/2019\/01\/Linie-1-300x5.png 300w, https:\/\/zwinger-vom-saechsischen-elbland.de\/wordpress\/wp-content\/uploads\/2019\/01\/Linie-1-768x14.png 768w, https:\/\/zwinger-vom-saechsischen-elbland.de\/wordpress\/wp-content\/uploads\/2019\/01\/Linie-1.png 1903w\" sizes=\"(max-width: 1024px) 100vw, 1024px\" \/><\/figure>\n<p><!-- \/wp:image --><\/p>\n<p><!-- wp:media-text {\"mediaId\":780,\"mediaType\":\"image\",\"mediaWidth\":36,\"className\":\"alignwide\"} --><\/p>\n<div class=\"wp-block-media-text alignwide is-stacked-on-mobile\" style=\"grid-template-columns:36% auto\">\n<figure class=\"wp-block-media-text__media\"><img loading=\"lazy\" width=\"800\" height=\"600\" src=\"http:\/\/zwinger-vom-saechsischen-elbland.de\/wordpress\/wp-content\/uploads\/2019\/03\/562838_10200571862610994_949914929_n.jpg\" alt=\"\" class=\"wp-image-780 size-full\" srcset=\"https:\/\/zwinger-vom-saechsischen-elbland.de\/wordpress\/wp-content\/uploads\/2019\/03\/562838_10200571862610994_949914929_n.jpg 800w, https:\/\/zwinger-vom-saechsischen-elbland.de\/wordpress\/wp-content\/uploads\/2019\/03\/562838_10200571862610994_949914929_n-300x225.jpg 300w, https:\/\/zwinger-vom-saechsischen-elbland.de\/wordpress\/wp-content\/uploads\/2019\/03\/562838_10200571862610994_949914929_n-768x576.jpg 768w\" sizes=\"(max-width: 800px) 100vw, 800px\" \/><\/figure>\n<div class=\"wp-block-media-text__content\"><p><!-- wp:heading {\"level\":6} --><\/p>\n<h6><strong>Aus dem Zuchttausglichkeitspr\u00fcfbericht&nbsp;<\/strong> <br> vom 31.05.2013 in Absdorf<\/h6>\n<p><!-- \/wp:heading --><\/p>\n<p><!-- wp:paragraph --><\/p>\n<p>Formwert: &nbsp;&nbsp;&nbsp;&nbsp;&nbsp;F. Kappacher<br>Wesen: &nbsp;&nbsp;&nbsp;&nbsp; &nbsp;&nbsp; &nbsp; Fellermeier<br>Beurteilung: &nbsp; Gut, mit 85 Punkten &#8211; Formwert:       SG<\/p>\n<p><!-- \/wp:paragraph --><\/p><\/div>\n<\/div>\n<p><!-- \/wp:media-text --><\/p>\n<p><!-- wp:media-text {\"align\":\"full\",\"mediaPosition\":\"right\",\"mediaId\":781,\"mediaType\":\"image\",\"mediaWidth\":36,\"className\":\"alignfull\"} --><\/p>\n<div class=\"wp-block-media-text alignfull has-media-on-the-right is-stacked-on-mobile\" style=\"grid-template-columns:auto 36%\">\n<figure class=\"wp-block-media-text__media\"><img loading=\"lazy\" width=\"720\" height=\"540\" src=\"http:\/\/zwinger-vom-saechsischen-elbland.de\/wordpress\/wp-content\/uploads\/2019\/03\/294287_1861040617711_4880259_n.jpg\" alt=\"\" class=\"wp-image-781 size-full\" srcset=\"https:\/\/zwinger-vom-saechsischen-elbland.de\/wordpress\/wp-content\/uploads\/2019\/03\/294287_1861040617711_4880259_n.jpg 720w, https:\/\/zwinger-vom-saechsischen-elbland.de\/wordpress\/wp-content\/uploads\/2019\/03\/294287_1861040617711_4880259_n-300x225.jpg 300w\" sizes=\"(max-width: 720px) 100vw, 720px\" \/><\/figure>\n<div class=\"wp-block-media-text__content\"><p><!-- wp:heading {\"level\":5} --><\/p>\n<h5>Formwertbericht<\/h5>\n<p><!-- \/wp:heading --><\/p>\n<p><!-- wp:paragraph {\"placeholder\":\"Inhalt...\"} --><\/p>\n<p>\u201e 26 Monate alte H\u00fcndin in sehr guten H\u00f6hen- und L\u00e4ngenverh\u00e4ltnis stehend. Typisch femininer Kopf, vorz\u00fcglich pigmentiert, Augen k\u00f6nnten etwas dunkler sein, korrekte Hals \u2013 R\u00fcckenlinie, leicht absch\u00fcssige Kruppe, sehr kr\u00e4ftige Unterbrust, Vorbrust noch nicht voll entwickelt, sehr gute Gesamtwinkelung, korrekte Front, vorne gerade tretend, hinten stark hakeneng, G\u00e4nge k\u00f6nnten deutlich kraftvoller sein, freundliches Wesen.\u201c<\/p>\n<p><!-- \/wp:paragraph --><\/p><\/div>\n<\/div>\n<p><!-- \/wp:media-text --><\/p>\n<p><!-- wp:media-text {\"mediaId\":816,\"mediaType\":\"image\",\"mediaWidth\":22,\"className\":\"alignwide\"} --><\/p>\n<div class=\"wp-block-media-text alignwide is-stacked-on-mobile\" style=\"grid-template-columns:22% auto\">\n<figure class=\"wp-block-media-text__media\"><img loading=\"lazy\" width=\"768\" height=\"1024\" src=\"http:\/\/zwinger-vom-saechsischen-elbland.de\/wordpress\/wp-content\/uploads\/2019\/03\/DSC01346-e1551440039232-768x1024.jpg\" alt=\"\" class=\"wp-image-816 size-full\" srcset=\"https:\/\/zwinger-vom-saechsischen-elbland.de\/wordpress\/wp-content\/uploads\/2019\/03\/DSC01346-e1551440039232-768x1024.jpg 768w, https:\/\/zwinger-vom-saechsischen-elbland.de\/wordpress\/wp-content\/uploads\/2019\/03\/DSC01346-e1551440039232-225x300.jpg 225w\" sizes=\"(max-width: 768px) 100vw, 768px\" \/><\/figure>\n<div class=\"wp-block-media-text__content\"><p><!-- wp:heading {\"textAlign\":\"left\",\"level\":5} --><\/p>\n<h5 class=\"has-text-align-left\">Wesensbeurteilung<\/h5>\n<p><!-- \/wp:heading --><\/p>\n<p><!-- wp:paragraph {\"placeholder\":\"Inhalt...\"} --><\/p>\n<p>\u201e Der Hund ist w\u00e4hrend der Befragung und der Formwertbeurteilung gestresst. Die leichte Unsicherheit wird durch die Hundef\u00fchrerin durch st\u00e4ndiges Streicheln verst\u00e4rkt. Die HF sollte grunds\u00e4tzlich etwas mehr Durchsetzungsverm\u00f6gen zeigen.&#8221;<\/p>\n<p><!-- \/wp:paragraph --><\/p><\/div>\n<\/div>\n<p><!-- \/wp:media-text --><\/p>\n<p><!-- wp:image {\"align\":\"full\",\"id\":1042} --><\/p>\n<figure class=\"wp-block-image alignfull\"><img loading=\"lazy\" width=\"720\" height=\"408\" src=\"http:\/\/zwinger-vom-saechsischen-elbland.de\/wordpress\/wp-content\/uploads\/2016\/04\/Bianca.jpeg\" alt=\"\" class=\"wp-image-1042\" srcset=\"https:\/\/zwinger-vom-saechsischen-elbland.de\/wordpress\/wp-content\/uploads\/2016\/04\/Bianca.jpeg 720w, https:\/\/zwinger-vom-saechsischen-elbland.de\/wordpress\/wp-content\/uploads\/2016\/04\/Bianca-300x170.jpeg 300w\" sizes=\"(max-width: 720px) 100vw, 720px\" \/><\/figure>\n<p><!-- \/wp:image --><\/p>\n<p><!-- wp:image {\"align\":\"full\",\"id\":593} --><\/p>\n<figure class=\"wp-block-image alignfull\"><img loading=\"lazy\" width=\"1024\" height=\"18\" src=\"http:\/\/zwinger-vom-saechsischen-elbland.de\/wordpress\/wp-content\/uploads\/2019\/01\/Linie-1-1024x18.png\" alt=\"\" class=\"wp-image-593\" srcset=\"https:\/\/zwinger-vom-saechsischen-elbland.de\/wordpress\/wp-content\/uploads\/2019\/01\/Linie-1-1024x18.png 1024w, https:\/\/zwinger-vom-saechsischen-elbland.de\/wordpress\/wp-content\/uploads\/2019\/01\/Linie-1-300x5.png 300w, https:\/\/zwinger-vom-saechsischen-elbland.de\/wordpress\/wp-content\/uploads\/2019\/01\/Linie-1-768x14.png 768w, https:\/\/zwinger-vom-saechsischen-elbland.de\/wordpress\/wp-content\/uploads\/2019\/01\/Linie-1.png 1903w\" sizes=\"(max-width: 1024px) 100vw, 1024px\" \/><\/figure>\n<p><!-- \/wp:image --><\/p>\n<p><!-- wp:media-text {\"mediaId\":1630,\"mediaType\":\"image\",\"mediaWidth\":34,\"className\":\"alignwide\"} --><\/p>\n<div class=\"wp-block-media-text alignwide is-stacked-on-mobile\" style=\"grid-template-columns:34% auto\">\n<figure class=\"wp-block-media-text__media\"><img loading=\"lazy\" width=\"720\" height=\"960\" src=\"http:\/\/zwinger-vom-saechsischen-elbland.de\/wordpress\/wp-content\/uploads\/2019\/03\/Bianca-an-der-See.jpeg\" alt=\"\" class=\"wp-image-1630 size-full\" srcset=\"https:\/\/zwinger-vom-saechsischen-elbland.de\/wordpress\/wp-content\/uploads\/2019\/03\/Bianca-an-der-See.jpeg 720w, https:\/\/zwinger-vom-saechsischen-elbland.de\/wordpress\/wp-content\/uploads\/2019\/03\/Bianca-an-der-See-225x300.jpeg 225w\" sizes=\"(max-width: 720px) 100vw, 720px\" \/><\/figure>\n<div class=\"wp-block-media-text__content\"><p><!-- wp:heading {\"level\":5} --><\/p>\n<h5>Nachweise<\/h5>\n<p><!-- \/wp:heading --><\/p>\n<p><!-- wp:file {\"id\":751,\"href\":\"http:\\\/\\\/zwinger-vom-saechsischen-elbland.de\\\/wordpress\\\/wp-content\\\/uploads\\\/2019\\\/03\\\/Laboklin-Zertifikat-DM.pdf\",\"showDownloadButton\":false} --><\/p>\n<div class=\"wp-block-file\"><a href=\"http:\/\/zwinger-vom-saechsischen-elbland.de\/wordpress\/wp-content\/uploads\/2019\/03\/Laboklin-Zertifikat-DM.pdf\" target=\"_blank\" rel=\"noreferrer noopener\">Laboklin Zertifikat DM<\/a><\/div>\n<p><!-- \/wp:file --><\/p>\n<p><!-- wp:file {\"id\":757,\"href\":\"http:\\\/\\\/zwinger-vom-saechsischen-elbland.de\\\/wordpress\\\/wp-content\\\/uploads\\\/2019\\\/03\\\/MDR-1.pdf\",\"showDownloadButton\":false} --><\/p>\n<div class=\"wp-block-file\"><a href=\"http:\/\/zwinger-vom-saechsischen-elbland.de\/wordpress\/wp-content\/uploads\/2019\/03\/MDR-1.pdf\" target=\"_blank\" rel=\"noreferrer noopener\">TransMIT Ergebnis MDR 1 Defekt<\/a><\/div>\n<p><!-- \/wp:file --><\/p>\n<p><!-- wp:file {\"id\":758,\"href\":\"http:\\\/\\\/zwinger-vom-saechsischen-elbland.de\\\/wordpress\\\/wp-content\\\/uploads\\\/2019\\\/03\\\/Gentest-MH.pdf\",\"showDownloadButton\":false} --><\/p>\n<div class=\"wp-block-file\"><a href=\"http:\/\/zwinger-vom-saechsischen-elbland.de\/wordpress\/wp-content\/uploads\/2019\/03\/Gentest-MH.pdf\" target=\"_blank\" rel=\"noreferrer noopener\">Laboklin Zertifikat Gentest MH<\/a><\/div>\n<p><!-- \/wp:file --><\/p>\n<p><!-- wp:file {\"id\":461,\"href\":\"http:\\\/\\\/zwinger-vom-saechsischen-elbland.de\\\/wordpress\\\/wp-content\\\/uploads\\\/2019\\\/01\\\/Zuchtzulassung-1.jpg\",\"showDownloadButton\":false} --><\/p>\n<div class=\"wp-block-file\"><a href=\"http:\/\/zwinger-vom-saechsischen-elbland.de\/wordpress\/wp-content\/uploads\/2019\/01\/Zuchtzulassung-1.jpg\" target=\"_blank\" rel=\"noreferrer noopener\">Zuchtzulassung<\/a><\/div>\n<p><!-- \/wp:file --><\/p><\/div>\n<\/div>\n<p><!-- \/wp:media-text --><\/p>\n<p><!-- wp:image {\"align\":\"full\",\"id\":593,\"className\":\"is-style-default\"} --><\/p>\n<figure class=\"wp-block-image alignfull is-style-default\"><img loading=\"lazy\" width=\"1024\" height=\"18\" src=\"http:\/\/zwinger-vom-saechsischen-elbland.de\/wordpress\/wp-content\/uploads\/2019\/01\/Linie-1-1024x18.png\" alt=\"\" class=\"wp-image-593\" srcset=\"https:\/\/zwinger-vom-saechsischen-elbland.de\/wordpress\/wp-content\/uploads\/2019\/01\/Linie-1-1024x18.png 1024w, https:\/\/zwinger-vom-saechsischen-elbland.de\/wordpress\/wp-content\/uploads\/2019\/01\/Linie-1-300x5.png 300w, https:\/\/zwinger-vom-saechsischen-elbland.de\/wordpress\/wp-content\/uploads\/2019\/01\/Linie-1-768x14.png 768w, https:\/\/zwinger-vom-saechsischen-elbland.de\/wordpress\/wp-content\/uploads\/2019\/01\/Linie-1.png 1903w\" sizes=\"(max-width: 1024px) 100vw, 1024px\" \/><\/figure>\n<p><!-- \/wp:image --><\/p>\n<p><!-- wp:image {\"align\":\"center\",\"id\":2446,\"width\":695,\"height\":527,\"sizeSlug\":\"large\",\"className\":\"is-style-rounded\"} --><\/p>\n<div class=\"wp-block-image is-style-rounded\">\n<figure class=\"aligncenter size-large is-resized\"><img loading=\"lazy\" src=\"http:\/\/zwinger-vom-saechsischen-elbland.de\/wordpress\/wp-content\/uploads\/2020\/11\/WhatsApp-Image-2020-11-23-at-09.04.123-1024x777.jpeg\" alt=\"\" class=\"wp-image-2446\" width=\"695\" height=\"527\" srcset=\"https:\/\/zwinger-vom-saechsischen-elbland.de\/wordpress\/wp-content\/uploads\/2020\/11\/WhatsApp-Image-2020-11-23-at-09.04.123-1024x777.jpeg 1024w, https:\/\/zwinger-vom-saechsischen-elbland.de\/wordpress\/wp-content\/uploads\/2020\/11\/WhatsApp-Image-2020-11-23-at-09.04.123-300x228.jpeg 300w, https:\/\/zwinger-vom-saechsischen-elbland.de\/wordpress\/wp-content\/uploads\/2020\/11\/WhatsApp-Image-2020-11-23-at-09.04.123-768x582.jpeg 768w, https:\/\/zwinger-vom-saechsischen-elbland.de\/wordpress\/wp-content\/uploads\/2020\/11\/WhatsApp-Image-2020-11-23-at-09.04.123.jpeg 1453w\" sizes=\"(max-width: 695px) 100vw, 695px\" \/><\/figure>\n<\/div>\n<p><!-- \/wp:image --><\/p>\n<p><!-- wp:image {\"align\":\"full\",\"id\":593,\"className\":\"is-style-default\"} --><\/p>\n<figure class=\"wp-block-image alignfull is-style-default\"><img loading=\"lazy\" width=\"1024\" height=\"18\" src=\"http:\/\/zwinger-vom-saechsischen-elbland.de\/wordpress\/wp-content\/uploads\/2019\/01\/Linie-1-1024x18.png\" alt=\"\" class=\"wp-image-593\" srcset=\"https:\/\/zwinger-vom-saechsischen-elbland.de\/wordpress\/wp-content\/uploads\/2019\/01\/Linie-1-1024x18.png 1024w, https:\/\/zwinger-vom-saechsischen-elbland.de\/wordpress\/wp-content\/uploads\/2019\/01\/Linie-1-300x5.png 300w, https:\/\/zwinger-vom-saechsischen-elbland.de\/wordpress\/wp-content\/uploads\/2019\/01\/Linie-1-768x14.png 768w, https:\/\/zwinger-vom-saechsischen-elbland.de\/wordpress\/wp-content\/uploads\/2019\/01\/Linie-1.png 1903w\" sizes=\"(max-width: 1024px) 100vw, 1024px\" \/><\/figure>\n<p><!-- \/wp:image --><\/p>\n<p><!-- wp:image {\"align\":\"center\",\"id\":1311,\"linkDestination\":\"media\"} --><\/p>\n<div class=\"wp-block-image\">\n<figure class=\"aligncenter\"><a href=\"https:\/\/zwinger-vom-saechsischen-elbland.de\/wordpress\/wp-content\/uploads\/2019\/03\/Collage-Bianca-6ter-Geburtstag.jpg\"><img loading=\"lazy\" width=\"948\" height=\"948\" src=\"http:\/\/zwinger-vom-saechsischen-elbland.de\/wordpress\/wp-content\/uploads\/2019\/03\/Collage-Bianca-6ter-Geburtstag.jpg\" alt=\"\" class=\"wp-image-1311\" srcset=\"https:\/\/zwinger-vom-saechsischen-elbland.de\/wordpress\/wp-content\/uploads\/2019\/03\/Collage-Bianca-6ter-Geburtstag.jpg 948w, https:\/\/zwinger-vom-saechsischen-elbland.de\/wordpress\/wp-content\/uploads\/2019\/03\/Collage-Bianca-6ter-Geburtstag-150x150.jpg 150w, https:\/\/zwinger-vom-saechsischen-elbland.de\/wordpress\/wp-content\/uploads\/2019\/03\/Collage-Bianca-6ter-Geburtstag-300x300.jpg 300w, https:\/\/zwinger-vom-saechsischen-elbland.de\/wordpress\/wp-content\/uploads\/2019\/03\/Collage-Bianca-6ter-Geburtstag-768x768.jpg 768w, https:\/\/zwinger-vom-saechsischen-elbland.de\/wordpress\/wp-content\/uploads\/2019\/03\/Collage-Bianca-6ter-Geburtstag-640x640.jpg 640w, https:\/\/zwinger-vom-saechsischen-elbland.de\/wordpress\/wp-content\/uploads\/2019\/03\/Collage-Bianca-6ter-Geburtstag-533x533.jpg 533w, https:\/\/zwinger-vom-saechsischen-elbland.de\/wordpress\/wp-content\/uploads\/2019\/03\/Collage-Bianca-6ter-Geburtstag-864x864.jpg 864w, https:\/\/zwinger-vom-saechsischen-elbland.de\/wordpress\/wp-content\/uploads\/2019\/03\/Collage-Bianca-6ter-Geburtstag-50x50.jpg 50w\" sizes=\"(max-width: 948px) 100vw, 948px\" \/><\/a><\/figure>\n<\/div>\n<p><!-- \/wp:image --><\/p>\t\t\t\t\t<\/div>\n\t\t\t\t\t\t<\/div>\n\t\t\t\t<\/div>\n\t\t\t\t\t\t<\/div>\n\t\t\t\t\t<\/div>\n\t\t<\/div>\n\t\t\t\t\t\t\t\t<\/div>\n\t\t\t\t\t<\/div>\n\t\t<\/section>\n\t\t\t\t\t\t\t\t\t<\/div>\n\t\t\t<\/div>\n\t\t\t\t\t<\/div>\n\t\t","protected":false},"excerpt":{"rendered":"<p>Bianca &#8211; Balika von der Maynbachbr\u00fccke wurde am 10. April 2011 geboren. Gestorben 7. Juni 2023.Die Ahnentafel von Bianca kann man hier nachlesen. Aus dem Zuchttausglichkeitspr\u00fcfbericht&nbsp; vom 31.05.2013 in Absdorf Formwert: &nbsp;&nbsp;&nbsp;&nbsp;&nbsp;F. KappacherWesen: &nbsp;&nbsp;&nbsp;&nbsp; &nbsp;&nbsp; &nbsp; FellermeierBeurteilung: &nbsp; Gut, mit &hellip; <a href=\"https:\/\/zwinger-vom-saechsischen-elbland.de\/wordpress\/das-sind-wir\/bianca\/\" class=\"more-link\"><span>Weiterlesen<span class=\"screen-reader-text\">Bianca<\/span><\/span><\/a><\/p>\n","protected":false},"author":1,"featured_media":0,"parent":491,"menu_order":1,"comment_status":"closed","ping_status":"closed","template":"","meta":[],"_links":{"self":[{"href":"https:\/\/zwinger-vom-saechsischen-elbland.de\/wordpress\/wp-json\/wp\/v2\/pages\/229"}],"collection":[{"href":"https:\/\/zwinger-vom-saechsischen-elbland.de\/wordpress\/wp-json\/wp\/v2\/pages"}],"about":[{"href":"https:\/\/zwinger-vom-saechsischen-elbland.de\/wordpress\/wp-json\/wp\/v2\/types\/page"}],"author":[{"embeddable":true,"href":"https:\/\/zwinger-vom-saechsischen-elbland.de\/wordpress\/wp-json\/wp\/v2\/users\/1"}],"replies":[{"embeddable":true,"href":"https:\/\/zwinger-vom-saechsischen-elbland.de\/wordpress\/wp-json\/wp\/v2\/comments?post=229"}],"version-history":[{"count":87,"href":"https:\/\/zwinger-vom-saechsischen-elbland.de\/wordpress\/wp-json\/wp\/v2\/pages\/229\/revisions"}],"predecessor-version":[{"id":2604,"href":"https:\/\/zwinger-vom-saechsischen-elbland.de\/wordpress\/wp-json\/wp\/v2\/pages\/229\/revisions\/2604"}],"up":[{"embeddable":true,"href":"https:\/\/zwinger-vom-saechsischen-elbland.de\/wordpress\/wp-json\/wp\/v2\/pages\/491"}],"wp:attachment":[{"href":"https:\/\/zwinger-vom-saechsischen-elbland.de\/wordpress\/wp-json\/wp\/v2\/media?parent=229"}],"curies":[{"name":"wp","href":"https:\/\/api.w.org\/{rel}","templated":true}]}}