{"id":227,"date":"2015-11-14T12:00:45","date_gmt":"2015-11-14T11:00:45","guid":{"rendered":"http:\/\/zwinger-vom-saechsischen-elbland.de\/wordpress\/?page_id=227"},"modified":"2020-11-23T11:54:58","modified_gmt":"2020-11-23T10:54:58","slug":"zuchtstaette","status":"publish","type":"page","link":"https:\/\/zwinger-vom-saechsischen-elbland.de\/wordpress\/das-sind-wir\/zuchtstaette\/","title":{"rendered":"Erste Zuchtst\u00e4tte"},"content":{"rendered":"\n<div class=\"wp-block-cover has-background-dim alignfull\" style=\"background-image:url(http:\/\/zwinger-vom-saechsischen-elbland.de\/wordpress\/wp-content\/uploads\/2019\/03\/8510cff9-3198-940c-e01f-464e7960476d.png)\"><\/div>\n\n\n\n<p style=\"font-size:16px\">Meine Welpen werden in meiner Wohnung (130 m\u00b2) in Dresden aufgezogen. Die Wurfbox von Ayla steht in einem speziellen Welpenzimmer, dort ist es sch\u00f6n hell und ger\u00e4umig (16 m\u00b2). Nach und nach d\u00fcrfen die Welpen dann, die obere und untere inklusive K\u00fcche, unsicher machen. So gew\u00f6hnen sie sich gleich an alle h\u00e4uslichen Ger\u00e4usche, wie Bewohner und Besucher sowie Staubsauger, Waschmaschine, Radio, Fernseher, usw.<\/p>\n\n\n\n<div class=\"wp-block-media-text alignwide is-stacked-on-mobile\" style=\"grid-template-columns:45% auto\"><figure class=\"wp-block-media-text__media\"><img loading=\"lazy\" width=\"1024\" height=\"576\" src=\"http:\/\/zwinger-vom-saechsischen-elbland.de\/wordpress\/wp-content\/uploads\/2019\/03\/08096087-5a44-d94a-05cb-63391d039273-2-1024x576.jpg\" alt=\"\" class=\"wp-image-1213\" srcset=\"https:\/\/zwinger-vom-saechsischen-elbland.de\/wordpress\/wp-content\/uploads\/2019\/03\/08096087-5a44-d94a-05cb-63391d039273-2-1024x576.jpg 1024w, https:\/\/zwinger-vom-saechsischen-elbland.de\/wordpress\/wp-content\/uploads\/2019\/03\/08096087-5a44-d94a-05cb-63391d039273-2-300x169.jpg 300w, https:\/\/zwinger-vom-saechsischen-elbland.de\/wordpress\/wp-content\/uploads\/2019\/03\/08096087-5a44-d94a-05cb-63391d039273-2-768x432.jpg 768w, https:\/\/zwinger-vom-saechsischen-elbland.de\/wordpress\/wp-content\/uploads\/2019\/03\/08096087-5a44-d94a-05cb-63391d039273-2-1920x1080.jpg 1920w\" sizes=\"(max-width: 1024px) 100vw, 1024px\" \/><\/figure><div class=\"wp-block-media-text__content\">\n<p style=\"font-size:16px\">Mit ca. 4 Wochen darf dann die weitere \u201eAufzuchtst\u00e4tte\u201c &#8211; mein Garten, erkundet werden. Je nach Wetter steht ihnen ein Gehege auf dem Rasen oder die \u00fcberdachte Terrasse zur Verf\u00fcgung. Spielm\u00f6glichkeiten sind genug vorhanden, z.B. Tunnel, B\u00e4lle Sand, Wasser, Stofftiere und diverse Kauartikel bringen weitere Abwechslung.<\/p>\n<\/div><\/div>\n\n\n\n<p style=\"font-size:16px\">Verkehrsger\u00e4usche, andere Tiere, wie Katzen sowie der Krach des Rasenm\u00e4hers lernen die wei\u00dfen Welpen von Anfang an kennen. Die Kleinen d\u00fcrfen mich auch im Auto begleiten und ich versuche, sie bis zur Abgabe langsam an ein Geschirr und die Leine zu gew\u00f6hnen.<br><\/p>\n\n\n\n<ul class=\"wp-block-gallery columns-4 is-cropped\"><li class=\"blocks-gallery-item\"><figure><a href=\"http:\/\/zwinger-vom-saechsischen-elbland.de\/wordpress\/wp-content\/uploads\/2019\/03\/993b09d6-c450-41c9-dafe-f51956609ed3-1024x768.jpg\"><img loading=\"lazy\" width=\"1024\" height=\"768\" src=\"http:\/\/zwinger-vom-saechsischen-elbland.de\/wordpress\/wp-content\/uploads\/2019\/03\/993b09d6-c450-41c9-dafe-f51956609ed3-1024x768.jpg\" alt=\"\" data-id=\"1366\" data-link=\"http:\/\/zwinger-vom-saechsischen-elbland.de\/wordpress\/das-sind-wir\/zuchtstaette\/993b09d6-c450-41c9-dafe-f51956609ed3\/\" class=\"wp-image-1366\" srcset=\"https:\/\/zwinger-vom-saechsischen-elbland.de\/wordpress\/wp-content\/uploads\/2019\/03\/993b09d6-c450-41c9-dafe-f51956609ed3-1024x768.jpg 1024w, https:\/\/zwinger-vom-saechsischen-elbland.de\/wordpress\/wp-content\/uploads\/2019\/03\/993b09d6-c450-41c9-dafe-f51956609ed3-300x225.jpg 300w, https:\/\/zwinger-vom-saechsischen-elbland.de\/wordpress\/wp-content\/uploads\/2019\/03\/993b09d6-c450-41c9-dafe-f51956609ed3-768x576.jpg 768w\" sizes=\"(max-width: 1024px) 100vw, 1024px\" \/><\/a><\/figure><\/li><li class=\"blocks-gallery-item\"><figure><a href=\"http:\/\/zwinger-vom-saechsischen-elbland.de\/wordpress\/wp-content\/uploads\/2019\/03\/dce2ceee-8c9f-f601-e421-a1766572570e-1024x768.jpg\"><img loading=\"lazy\" width=\"1024\" height=\"768\" src=\"http:\/\/zwinger-vom-saechsischen-elbland.de\/wordpress\/wp-content\/uploads\/2019\/03\/dce2ceee-8c9f-f601-e421-a1766572570e-1024x768.jpg\" alt=\"\" data-id=\"1367\" data-link=\"http:\/\/zwinger-vom-saechsischen-elbland.de\/wordpress\/das-sind-wir\/zuchtstaette\/dce2ceee-8c9f-f601-e421-a1766572570e\/\" class=\"wp-image-1367\" srcset=\"https:\/\/zwinger-vom-saechsischen-elbland.de\/wordpress\/wp-content\/uploads\/2019\/03\/dce2ceee-8c9f-f601-e421-a1766572570e-1024x768.jpg 1024w, https:\/\/zwinger-vom-saechsischen-elbland.de\/wordpress\/wp-content\/uploads\/2019\/03\/dce2ceee-8c9f-f601-e421-a1766572570e-300x225.jpg 300w, https:\/\/zwinger-vom-saechsischen-elbland.de\/wordpress\/wp-content\/uploads\/2019\/03\/dce2ceee-8c9f-f601-e421-a1766572570e-768x576.jpg 768w, https:\/\/zwinger-vom-saechsischen-elbland.de\/wordpress\/wp-content\/uploads\/2019\/03\/dce2ceee-8c9f-f601-e421-a1766572570e.jpg 2048w\" sizes=\"(max-width: 1024px) 100vw, 1024px\" \/><\/a><\/figure><\/li><li class=\"blocks-gallery-item\"><figure><a href=\"http:\/\/zwinger-vom-saechsischen-elbland.de\/wordpress\/wp-content\/uploads\/2019\/03\/f257c9ec-4597-37f6-a05c-2820183d4ad5-1024x768.jpg\"><img loading=\"lazy\" width=\"1024\" height=\"768\" src=\"http:\/\/zwinger-vom-saechsischen-elbland.de\/wordpress\/wp-content\/uploads\/2019\/03\/f257c9ec-4597-37f6-a05c-2820183d4ad5-1024x768.jpg\" alt=\"\" data-id=\"1368\" data-link=\"http:\/\/zwinger-vom-saechsischen-elbland.de\/wordpress\/das-sind-wir\/zuchtstaette\/f257c9ec-4597-37f6-a05c-2820183d4ad5\/\" class=\"wp-image-1368\" srcset=\"https:\/\/zwinger-vom-saechsischen-elbland.de\/wordpress\/wp-content\/uploads\/2019\/03\/f257c9ec-4597-37f6-a05c-2820183d4ad5-1024x768.jpg 1024w, https:\/\/zwinger-vom-saechsischen-elbland.de\/wordpress\/wp-content\/uploads\/2019\/03\/f257c9ec-4597-37f6-a05c-2820183d4ad5-300x225.jpg 300w, https:\/\/zwinger-vom-saechsischen-elbland.de\/wordpress\/wp-content\/uploads\/2019\/03\/f257c9ec-4597-37f6-a05c-2820183d4ad5-768x576.jpg 768w\" sizes=\"(max-width: 1024px) 100vw, 1024px\" \/><\/a><\/figure><\/li><li class=\"blocks-gallery-item\"><figure><a href=\"https:\/\/zwinger-vom-saechsischen-elbland.de\/wordpress\/wp-content\/uploads\/2019\/04\/A.Garten-2-768x1024.jpeg\"><img loading=\"lazy\" width=\"768\" height=\"1024\" src=\"https:\/\/zwinger-vom-saechsischen-elbland.de\/wordpress\/wp-content\/uploads\/2019\/04\/A.Garten-2-768x1024.jpeg\" alt=\"\" data-id=\"2177\" data-link=\"https:\/\/zwinger-vom-saechsischen-elbland.de\/wordpress\/das-sind-wir\/zuchtstaette\/a-garten-2\/\" class=\"wp-image-2177\" srcset=\"https:\/\/zwinger-vom-saechsischen-elbland.de\/wordpress\/wp-content\/uploads\/2019\/04\/A.Garten-2-768x1024.jpeg 768w, https:\/\/zwinger-vom-saechsischen-elbland.de\/wordpress\/wp-content\/uploads\/2019\/04\/A.Garten-2-225x300.jpeg 225w, https:\/\/zwinger-vom-saechsischen-elbland.de\/wordpress\/wp-content\/uploads\/2019\/04\/A.Garten-2.jpeg 1200w\" sizes=\"(max-width: 768px) 100vw, 768px\" \/><\/a><\/figure><\/li><\/ul>\n\n\n\n<p style=\"font-size:16px\">Weiterhin besteht die M\u00f6glichkeit mit den Kleinen, da ich nicht weit davon entfernt wohne, an der Elbe in Dresden mit ihren Ufern und im Wald spazieren zu gehen und dabei andere Vierbeiner zu treffen.<\/p>\n\n\n\n<figure class=\"wp-block-image alignfull\"><img loading=\"lazy\" width=\"1024\" height=\"18\" src=\"http:\/\/zwinger-vom-saechsischen-elbland.de\/wordpress\/wp-content\/uploads\/2019\/01\/Linie-1-1024x18.png\" alt=\"\" class=\"wp-image-593\" srcset=\"https:\/\/zwinger-vom-saechsischen-elbland.de\/wordpress\/wp-content\/uploads\/2019\/01\/Linie-1-1024x18.png 1024w, https:\/\/zwinger-vom-saechsischen-elbland.de\/wordpress\/wp-content\/uploads\/2019\/01\/Linie-1-300x5.png 300w, https:\/\/zwinger-vom-saechsischen-elbland.de\/wordpress\/wp-content\/uploads\/2019\/01\/Linie-1-768x14.png 768w, https:\/\/zwinger-vom-saechsischen-elbland.de\/wordpress\/wp-content\/uploads\/2019\/01\/Linie-1.png 1903w\" sizes=\"(max-width: 1024px) 100vw, 1024px\" \/><\/figure>\n\n\n\n<ul class=\"wp-block-gallery columns-1 is-cropped\"><li class=\"blocks-gallery-item\"><figure><a href=\"http:\/\/zwinger-vom-saechsischen-elbland.de\/wordpress\/wp-content\/uploads\/2019\/03\/FCI.jpeg\"><img loading=\"lazy\" width=\"565\" height=\"411\" src=\"http:\/\/zwinger-vom-saechsischen-elbland.de\/wordpress\/wp-content\/uploads\/2019\/03\/FCI.jpeg\" alt=\"\" data-id=\"1508\" data-link=\"http:\/\/zwinger-vom-saechsischen-elbland.de\/wordpress\/das-sind-wir\/zuchtstaette\/fci\/\" class=\"wp-image-1508\" srcset=\"https:\/\/zwinger-vom-saechsischen-elbland.de\/wordpress\/wp-content\/uploads\/2019\/03\/FCI.jpeg 565w, https:\/\/zwinger-vom-saechsischen-elbland.de\/wordpress\/wp-content\/uploads\/2019\/03\/FCI-300x218.jpeg 300w\" sizes=\"(max-width: 565px) 100vw, 565px\" \/><\/a><\/figure><\/li><li class=\"blocks-gallery-item\"><figure><a href=\"http:\/\/zwinger-vom-saechsischen-elbland.de\/wordpress\/wp-content\/uploads\/2019\/03\/Zuchtst\u00e4tte-724x1024.jpeg\"><img loading=\"lazy\" width=\"724\" height=\"1024\" src=\"http:\/\/zwinger-vom-saechsischen-elbland.de\/wordpress\/wp-content\/uploads\/2019\/03\/Zuchtst\u00e4tte-724x1024.jpeg\" alt=\"\" data-id=\"1509\" data-link=\"http:\/\/zwinger-vom-saechsischen-elbland.de\/wordpress\/das-sind-wir\/zuchtstaette\/zuchtstaette-2\/\" class=\"wp-image-1509\" srcset=\"https:\/\/zwinger-vom-saechsischen-elbland.de\/wordpress\/wp-content\/uploads\/2019\/03\/Zuchtst\u00e4tte-724x1024.jpeg 724w, https:\/\/zwinger-vom-saechsischen-elbland.de\/wordpress\/wp-content\/uploads\/2019\/03\/Zuchtst\u00e4tte-212x300.jpeg 212w, https:\/\/zwinger-vom-saechsischen-elbland.de\/wordpress\/wp-content\/uploads\/2019\/03\/Zuchtst\u00e4tte-768x1087.jpeg 768w, https:\/\/zwinger-vom-saechsischen-elbland.de\/wordpress\/wp-content\/uploads\/2019\/03\/Zuchtst\u00e4tte.jpeg 826w\" sizes=\"(max-width: 724px) 100vw, 724px\" \/><\/a><\/figure><\/li><\/ul>\n","protected":false},"excerpt":{"rendered":"<p>Meine Welpen werden in meiner Wohnung (130 m\u00b2) in Dresden aufgezogen. Die Wurfbox von Ayla steht in einem speziellen Welpenzimmer, dort ist es sch\u00f6n hell und ger\u00e4umig (16 m\u00b2). Nach und nach d\u00fcrfen die Welpen dann, die obere und untere &hellip; <a href=\"https:\/\/zwinger-vom-saechsischen-elbland.de\/wordpress\/das-sind-wir\/zuchtstaette\/\" class=\"more-link\"><span>Weiterlesen<span class=\"screen-reader-text\">Erste Zuchtst\u00e4tte<\/span><\/span><\/a><\/p>\n","protected":false},"author":1,"featured_media":0,"parent":491,"menu_order":2,"comment_status":"closed","ping_status":"closed","template":"","meta":[],"_links":{"self":[{"href":"https:\/\/zwinger-vom-saechsischen-elbland.de\/wordpress\/wp-json\/wp\/v2\/pages\/227"}],"collection":[{"href":"https:\/\/zwinger-vom-saechsischen-elbland.de\/wordpress\/wp-json\/wp\/v2\/pages"}],"about":[{"href":"https:\/\/zwinger-vom-saechsischen-elbland.de\/wordpress\/wp-json\/wp\/v2\/types\/page"}],"author":[{"embeddable":true,"href":"https:\/\/zwinger-vom-saechsischen-elbland.de\/wordpress\/wp-json\/wp\/v2\/users\/1"}],"replies":[{"embeddable":true,"href":"https:\/\/zwinger-vom-saechsischen-elbland.de\/wordpress\/wp-json\/wp\/v2\/comments?post=227"}],"version-history":[{"count":22,"href":"https:\/\/zwinger-vom-saechsischen-elbland.de\/wordpress\/wp-json\/wp\/v2\/pages\/227\/revisions"}],"predecessor-version":[{"id":2466,"href":"https:\/\/zwinger-vom-saechsischen-elbland.de\/wordpress\/wp-json\/wp\/v2\/pages\/227\/revisions\/2466"}],"up":[{"embeddable":true,"href":"https:\/\/zwinger-vom-saechsischen-elbland.de\/wordpress\/wp-json\/wp\/v2\/pages\/491"}],"wp:attachment":[{"href":"https:\/\/zwinger-vom-saechsischen-elbland.de\/wordpress\/wp-json\/wp\/v2\/media?parent=227"}],"curies":[{"name":"wp","href":"https:\/\/api.w.org\/{rel}","templated":true}]}}