{"id":645,"date":"2019-01-31T17:22:51","date_gmt":"2019-01-31T16:22:51","guid":{"rendered":"http:\/\/zwinger-vom-saechsischen-elbland.de\/wordpress\/?page_id=645"},"modified":"2025-04-26T15:12:36","modified_gmt":"2025-04-26T13:12:36","slug":"impressum","status":"publish","type":"page","link":"http:\/\/zwinger-vom-saechsischen-elbland.de\/wordpress\/impressum\/","title":{"rendered":"Impressum"},"content":{"rendered":"\n<h4>Angaben gem\u00e4\u00df \u00a7 5 TMG:<\/h4>\n\n\n\n<p>Andrea M\u00fcller-Hutschenreuter<br>Klarastra\u00dfe 8, 01099 Dresden<\/p>\n\n\n\n<h4>Kontakt:<\/h4>\n\n\n\n<p>Telefon: 0172\/357 16 53<br>E-Mail: kontakt@zwinger-vom-saechsischen-elbland.de<\/p>\n\n\n\n<h4>Haftung f\u00fcr Inhalte<\/h4>\n\n\n\n<p>Als\nDiensteanbieter sind wir gem\u00e4\u00df \u00a7 7 Abs.1 TMG f\u00fcr eigene Inhalte auf diesen\nSeiten nach den allgemeinen Gesetzen verantwortlich. Nach \u00a7\u00a7 8 bis 10 TMG sind\nwir als Diensteanbieter jedoch nicht verpflichtet, \u00fcbermittelte oder\ngespeicherte fremde Informationen zu \u00fcberwachen oder nach Umst\u00e4nden zu\nforschen, die auf eine rechtswidrige T\u00e4tigkeit hinweisen.<\/p>\n\n\n\n<p>Verpflichtungen\nzur Entfernung oder Sperrung der Nutzung von Informationen nach den allgemeinen\nGesetzen bleiben hiervon unber\u00fchrt. Eine diesbez\u00fcgliche Haftung ist jedoch erst\nab dem Zeitpunkt der Kenntnis einer konkreten Rechtsverletzung m\u00f6glich. Bei\nBekanntwerden von entsprechenden Rechtsverletzungen werden wir diese Inhalte\numgehend entfernen.<\/p>\n\n\n\n<p><strong>Haftung f\u00fcr Links<\/strong><\/p>\n\n\n\n<p>Unser\nAngebot enth\u00e4lt Links zu externen Websites Dritter, auf deren Inhalte wir\nkeinen Einfluss haben. Deshalb k\u00f6nnen wir f\u00fcr diese fremden Inhalte auch keine\nGew\u00e4hr \u00fcbernehmen. F\u00fcr die Inhalte der verlinkten Seiten ist stets der\njeweilige Anbieter oder Betreiber der Seiten verantwortlich. Die verlinkten\nSeiten wurden zum Zeitpunkt der Verlinkung auf m\u00f6gliche Rechtsverst\u00f6\u00dfe\n\u00fcberpr\u00fcft. Rechtswidrige Inhalte waren zum Zeitpunkt der Verlinkung nicht\nerkennbar.<\/p>\n\n\n\n<p>Eine\npermanente inhaltliche Kontrolle der verlinkten Seiten ist jedoch ohne konkrete\nAnhaltspunkte einer Rechtsverletzung nicht zumutbar. Bei Bekanntwerden von\nRechtsverletzungen werden wir derartige Links umgehend entfernen.<\/p>\n\n\n\n<p><strong>Urheberrecht<\/strong><\/p>\n\n\n\n<p>Die durch\ndie Seitenbetreiber erstellten Inhalte und Werke auf diesen Seiten unterliegen\ndem deutschen Urheberrecht. Die Vervielf\u00e4ltigung, Bearbeitung, Verbreitung und\njede Art der Verwertung au\u00dferhalb der Grenzen des Urheberrechtes bed\u00fcrfen der\nschriftlichen Zustimmung des jeweiligen Autors bzw. Erstellers. Downloads und\nKopien dieser Seite sind nur f\u00fcr den privaten, nicht kommerziellen Gebrauch\ngestattet.<\/p>\n\n\n\n<p>Soweit die\nInhalte auf dieser Seite nicht vom Betreiber erstellt wurden, werden die\nUrheberrechte Dritter beachtet. Insbesondere werden Inhalte Dritter als solche\ngekennzeichnet. Sollten Sie trotzdem auf eine Urheberrechtsverletzung\naufmerksam werden, bitten wir um einen entsprechenden Hinweis. Bei\nBekanntwerden von Rechtsverletzungen werden wir derartige Inhalte umgehend\nentfernen.<\/p>\n\n\n\n<p>Quelle: <a href=\"https:\/\/www.erecht24.de\">https:\/\/www.e-recht24.de<\/a><\/p>\n\n\n\n<div class=\"wp-block-media-text is-stacked-on-mobile has-background has-light-gray-background-color has-background\" style=\"grid-template-columns:12% auto\"><figure class=\"wp-block-media-text__media\"><img loading=\"lazy\" width=\"684\" height=\"1024\" src=\"http:\/\/zwinger-vom-saechsischen-elbland.de\/wordpress\/wp-content\/uploads\/2019\/03\/alle-drei-684x1024.jpg\" alt=\"\" class=\"wp-image-1786 size-full\" srcset=\"http:\/\/zwinger-vom-saechsischen-elbland.de\/wordpress\/wp-content\/uploads\/2019\/03\/alle-drei-684x1024.jpg 684w, http:\/\/zwinger-vom-saechsischen-elbland.de\/wordpress\/wp-content\/uploads\/2019\/03\/alle-drei-200x300.jpg 200w, http:\/\/zwinger-vom-saechsischen-elbland.de\/wordpress\/wp-content\/uploads\/2019\/03\/alle-drei-768x1151.jpg 768w, http:\/\/zwinger-vom-saechsischen-elbland.de\/wordpress\/wp-content\/uploads\/2019\/03\/alle-drei.jpg 1367w\" sizes=\"(max-width: 684px) 100vw, 684px\" \/><\/figure><div class=\"wp-block-media-text__content\">\n<p class=\"has-text-align-left\">Quellennachweis Header Foto:  <a href=\"https:\/\/www.philomelas.com\">PhilomelaS  <\/a> <\/p>\n\n\n\n<p><br><\/p>\n<\/div><\/div>\n","protected":false},"excerpt":{"rendered":"<p>Angaben gem\u00e4\u00df \u00a7 5 TMG: Andrea M\u00fcller-HutschenreuterKlarastra\u00dfe 8, 01099 Dresden Kontakt: Telefon: 0172\/357 16 53E-Mail: kontakt@zwinger-vom-saechsischen-elbland.de Haftung f\u00fcr Inhalte Als Diensteanbieter sind wir gem\u00e4\u00df \u00a7 7 Abs.1 TMG f\u00fcr eigene Inhalte auf diesen Seiten nach den allgemeinen Gesetzen verantwortlich. Nach &hellip; <a href=\"http:\/\/zwinger-vom-saechsischen-elbland.de\/wordpress\/impressum\/\" class=\"more-link\"><span>Weiterlesen<span class=\"screen-reader-text\">Impressum<\/span><\/span><\/a><\/p>\n","protected":false},"author":1,"featured_media":0,"parent":0,"menu_order":0,"comment_status":"closed","ping_status":"closed","template":"","meta":[],"_links":{"self":[{"href":"http:\/\/zwinger-vom-saechsischen-elbland.de\/wordpress\/wp-json\/wp\/v2\/pages\/645"}],"collection":[{"href":"http:\/\/zwinger-vom-saechsischen-elbland.de\/wordpress\/wp-json\/wp\/v2\/pages"}],"about":[{"href":"http:\/\/zwinger-vom-saechsischen-elbland.de\/wordpress\/wp-json\/wp\/v2\/types\/page"}],"author":[{"embeddable":true,"href":"http:\/\/zwinger-vom-saechsischen-elbland.de\/wordpress\/wp-json\/wp\/v2\/users\/1"}],"replies":[{"embeddable":true,"href":"http:\/\/zwinger-vom-saechsischen-elbland.de\/wordpress\/wp-json\/wp\/v2\/comments?post=645"}],"version-history":[{"count":8,"href":"http:\/\/zwinger-vom-saechsischen-elbland.de\/wordpress\/wp-json\/wp\/v2\/pages\/645\/revisions"}],"predecessor-version":[{"id":2637,"href":"http:\/\/zwinger-vom-saechsischen-elbland.de\/wordpress\/wp-json\/wp\/v2\/pages\/645\/revisions\/2637"}],"wp:attachment":[{"href":"http:\/\/zwinger-vom-saechsischen-elbland.de\/wordpress\/wp-json\/wp\/v2\/media?parent=645"}],"curies":[{"name":"wp","href":"https:\/\/api.w.org\/{rel}","templated":true}]}}